{"id":3466,"date":"2017-01-31T14:35:09","date_gmt":"2017-01-31T14:35:09","guid":{"rendered":"https:\/\/dev.fundatia-mvschmidt.org\/spenden\/"},"modified":"2017-01-31T14:35:09","modified_gmt":"2017-01-31T14:35:09","slug":"spenden","status":"publish","type":"page","link":"https:\/\/dev.fundatia-mvschmidt.org\/de\/spenden\/","title":{"rendered":"Spenden"},"content":{"rendered":"<p>Seit \u00fcber sechs Jahren arbeiten wir daran, das Kulturgut der Siebenb\u00fcrger-Sachsen in Rum\u00e4nien zu erhalten, sowie das wertvolle Kulturerbe dieser Gemeinschaft zu f\u00f6rdern.<\/p>\n<p>Wir sind stolz auf das was wir erreicht haben, aber es gibt noch viel zu tun. Ihre Spende hilft uns dabei, siebenb\u00fcrgisch-s\u00e4chsische H\u00e4user zu restaurieren, Kinder aus den siebenb\u00fcrgisch-s\u00e4chsischen D\u00f6rfer zu unterst\u00fctzten, das deutschsprachige Unterricht in Rum\u00e4nien zu f\u00f6rdern, sowie die siebenb\u00fcrgisch-s\u00e4chsische Tradition und Kultur f\u00fcr die zuk\u00fcnftigen Generationen zu erhalten.\u00a0Der <a href=\"http:\/\/www.fundatia-michael-schmidt.org\/wp-content\/uploads\/2017\/02\/Jahresbericht-2016-Michael-Schmidt-Stiftung_96ppi.pdf\" target=\"_blank\" rel=\"noopener\">Jahresbericht 2016<\/a> informiert Sie \u00fcber die wichtigsten Projekte der Stiftung.<\/p>\n<p>Warum Sie uns unterst\u00fctzen sollten?<\/p>\n<ul>\n<li>Die wirtschaftlichen Ressourcen einer Non-Profit-Organisation sind begrenzt und viele der Projekte werden aus Spenden durchgef\u00fchrt. Wir k\u00f6nnen aber viel mehr erreichen, wenn mehr Mittel zur Verf\u00fcgung stehen;<\/li>\n<li>Sie k\u00f6nnen f\u00fcr Projekte im Bildungsbereich beitragen, die dazu dienen auf lange Sicht die harmonische Entwicklung der Gemeinschaften zu f\u00f6rdern;<\/li>\n<li>Sie haben die Sicherheit, dass das Geld nachvollziehbar und vertrauensw\u00fcrdig eingesetzt wird. Wir berichten regelm\u00e4\u00dfig \u00fcber unsere Projekte hier: <a href=\"http:\/\/www.fundatia-michael-schmidt.org\/de\/category\/news\/\">http:\/\/www.fundatia-michael-schmidt.org\/de\/category\/news\/<\/a><\/li>\n<\/ul>\n<p>Unser Spendenkonto: BRD Bank Bukarest, IBAN (EURO) RO 05 BRDE 450 SV204 8248 4500, BIC BRDEROBU<em>\u00a0<\/em><\/p>\n<p>Herzlichen Dank \u2013 zusammen tragen wir dazu bei, dass das Erbe der Siebenb\u00fcrger-Sachsen nicht ein Teil der Vergangenheit wird, sondern f\u00fcr die zuk\u00fcnftigen Generationen erhalten bleibt.<\/p>\n","protected":false},"excerpt":{"rendered":"<p>Seit \u00fcber sechs Jahren arbeiten wir daran, das Kulturgut der Siebenb\u00fcrger-Sachsen in Rum\u00e4nien zu erhalten, sowie das wertvolle Kulturerbe dieser Gemeinschaft zu f\u00f6rdern. Wir sind stolz auf das was wir erreicht haben, aber es gibt noch viel zu tun. Ihre Spende hilft uns dabei, siebenb\u00fcrgisch-s\u00e4chsische H\u00e4user zu restaurieren, Kinder aus den siebenb\u00fcrgisch-s\u00e4chsischen D\u00f6rfer zu unterst\u00fctzten, <a class=\"more-link\" href=\"https:\/\/dev.fundatia-mvschmidt.org\/de\/spenden\/\">[&#8230;]<\/a><\/p>\n","protected":false},"author":1,"featured_media":0,"parent":0,"menu_order":0,"comment_status":"closed","ping_status":"closed","template":"","meta":{"spay_email":""},"yoast_head":"<!-- This site is optimized with the Yoast SEO plugin v18.2 - https:\/\/yoast.com\/wordpress\/plugins\/seo\/ -->\n<title>Spenden | Fundatia M&amp;V Schmidt<\/title>\n<meta name=\"robots\" content=\"noindex, follow, max-snippet:-1, max-image-preview:large, max-video-preview:-1\" \/>\n<meta property=\"og:locale\" content=\"de_DE\" \/>\n<meta property=\"og:type\" content=\"article\" \/>\n<meta property=\"og:title\" content=\"Spenden | Fundatia M&amp;V Schmidt\" \/>\n<meta property=\"og:description\" content=\"Seit \u00fcber sechs Jahren arbeiten wir daran, das Kulturgut der Siebenb\u00fcrger-Sachsen in Rum\u00e4nien zu erhalten, sowie das wertvolle Kulturerbe dieser Gemeinschaft zu f\u00f6rdern. Wir sind stolz auf das was wir erreicht haben, aber es gibt noch viel zu tun. Ihre Spende hilft uns dabei, siebenb\u00fcrgisch-s\u00e4chsische H\u00e4user zu restaurieren, Kinder aus den siebenb\u00fcrgisch-s\u00e4chsischen D\u00f6rfer zu unterst\u00fctzten, [...]\" \/>\n<meta property=\"og:url\" content=\"https:\/\/dev.fundatia-mvschmidt.org\/spenden\/?lang=de\" \/>\n<meta property=\"og:site_name\" content=\"Fundatia M&amp;V Schmidt\" \/>\n<meta name=\"twitter:card\" content=\"summary\" \/>\n<meta name=\"twitter:label1\" content=\"Gesch\u00e4tzte Lesezeit\" \/>\n\t<meta name=\"twitter:data1\" content=\"1\u00a0Minute\" \/>\n<script type=\"application\/ld+json\" class=\"yoast-schema-graph\">{\"@context\":\"https:\/\/schema.org\",\"@graph\":[{\"@type\":\"WebSite\",\"@id\":\"https:\/\/dev.fundatia-mvschmidt.org\/#website\",\"url\":\"https:\/\/dev.fundatia-mvschmidt.org\/\",\"name\":\"Fundatia M&amp;V Schmidt\",\"description\":\"\",\"potentialAction\":[{\"@type\":\"SearchAction\",\"target\":{\"@type\":\"EntryPoint\",\"urlTemplate\":\"https:\/\/dev.fundatia-mvschmidt.org\/?s={search_term_string}\"},\"query-input\":\"required name=search_term_string\"}],\"inLanguage\":\"de\"},{\"@type\":\"WebPage\",\"@id\":\"https:\/\/dev.fundatia-mvschmidt.org\/spenden\/?lang=de#webpage\",\"url\":\"https:\/\/dev.fundatia-mvschmidt.org\/spenden\/?lang=de\",\"name\":\"Spenden | Fundatia M&amp;V Schmidt\",\"isPartOf\":{\"@id\":\"https:\/\/dev.fundatia-mvschmidt.org\/#website\"},\"datePublished\":\"2017-01-31T14:35:09+00:00\",\"dateModified\":\"2017-01-31T14:35:09+00:00\",\"breadcrumb\":{\"@id\":\"https:\/\/dev.fundatia-mvschmidt.org\/spenden\/?lang=de#breadcrumb\"},\"inLanguage\":\"de\",\"potentialAction\":[{\"@type\":\"ReadAction\",\"target\":[\"https:\/\/dev.fundatia-mvschmidt.org\/spenden\/?lang=de\"]}]},{\"@type\":\"BreadcrumbList\",\"@id\":\"https:\/\/dev.fundatia-mvschmidt.org\/spenden\/?lang=de#breadcrumb\",\"itemListElement\":[{\"@type\":\"ListItem\",\"position\":1,\"name\":\"Home\",\"item\":\"https:\/\/dev.fundatia-mvschmidt.org\/de\/\"},{\"@type\":\"ListItem\",\"position\":2,\"name\":\"Spenden\"}]}]}<\/script>\n<!-- \/ Yoast SEO plugin. -->","yoast_head_json":{"title":"Spenden | Fundatia M&amp;V Schmidt","robots":{"index":"noindex","follow":"follow","max-snippet":"max-snippet:-1","max-image-preview":"max-image-preview:large","max-video-preview":"max-video-preview:-1"},"og_locale":"de_DE","og_type":"article","og_title":"Spenden | Fundatia M&amp;V Schmidt","og_description":"Seit \u00fcber sechs Jahren arbeiten wir daran, das Kulturgut der Siebenb\u00fcrger-Sachsen in Rum\u00e4nien zu erhalten, sowie das wertvolle Kulturerbe dieser Gemeinschaft zu f\u00f6rdern. Wir sind stolz auf das was wir erreicht haben, aber es gibt noch viel zu tun. Ihre Spende hilft uns dabei, siebenb\u00fcrgisch-s\u00e4chsische H\u00e4user zu restaurieren, Kinder aus den siebenb\u00fcrgisch-s\u00e4chsischen D\u00f6rfer zu unterst\u00fctzten, [...]","og_url":"https:\/\/dev.fundatia-mvschmidt.org\/spenden\/?lang=de","og_site_name":"Fundatia M&amp;V Schmidt","twitter_card":"summary","twitter_misc":{"Gesch\u00e4tzte Lesezeit":"1\u00a0Minute"},"schema":{"@context":"https:\/\/schema.org","@graph":[{"@type":"WebSite","@id":"https:\/\/dev.fundatia-mvschmidt.org\/#website","url":"https:\/\/dev.fundatia-mvschmidt.org\/","name":"Fundatia M&amp;V Schmidt","description":"","potentialAction":[{"@type":"SearchAction","target":{"@type":"EntryPoint","urlTemplate":"https:\/\/dev.fundatia-mvschmidt.org\/?s={search_term_string}"},"query-input":"required name=search_term_string"}],"inLanguage":"de"},{"@type":"WebPage","@id":"https:\/\/dev.fundatia-mvschmidt.org\/spenden\/?lang=de#webpage","url":"https:\/\/dev.fundatia-mvschmidt.org\/spenden\/?lang=de","name":"Spenden | Fundatia M&amp;V Schmidt","isPartOf":{"@id":"https:\/\/dev.fundatia-mvschmidt.org\/#website"},"datePublished":"2017-01-31T14:35:09+00:00","dateModified":"2017-01-31T14:35:09+00:00","breadcrumb":{"@id":"https:\/\/dev.fundatia-mvschmidt.org\/spenden\/?lang=de#breadcrumb"},"inLanguage":"de","potentialAction":[{"@type":"ReadAction","target":["https:\/\/dev.fundatia-mvschmidt.org\/spenden\/?lang=de"]}]},{"@type":"BreadcrumbList","@id":"https:\/\/dev.fundatia-mvschmidt.org\/spenden\/?lang=de#breadcrumb","itemListElement":[{"@type":"ListItem","position":1,"name":"Home","item":"https:\/\/dev.fundatia-mvschmidt.org\/de\/"},{"@type":"ListItem","position":2,"name":"Spenden"}]}]}},"jetpack_sharing_enabled":true,"jetpack_shortlink":"https:\/\/wp.me\/P7wrmh-TU","jetpack-related-posts":[{"id":3427,"url":"https:\/\/dev.fundatia-mvschmidt.org\/de\/uber-uns\/","url_meta":{"origin":3466,"position":0},"title":"\u00dcber uns","date":"Mai 9, 2016","format":false,"excerpt":"Wenn Sie hier auf unserer Seite angekommen sind, bedeutet es, dass Sie sich einbringen m\u00f6chten, genauso wie wir. Bevor wir Ihnen zeigen, wie Sie dies tun k\u00f6nnen, m\u00f6chten wir Ihnen einige Informationen \u00fcber unsere Stiftung geben: Die Michael Schmidt Stiftung ist eine Non-Profit Organisation, die im Jahr 2010 von Michael\u2026","rel":"","context":"\u00c4hnlicher Beitrag","img":{"alt_text":"","src":"","width":0,"height":0},"classes":[]},{"id":3431,"url":"https:\/\/dev.fundatia-mvschmidt.org\/de\/beteiligen-sie-sich-an-unseren-projekten\/","url_meta":{"origin":3466,"position":1},"title":"Beteiligen Sie sich an unseren Projekten!","date":"Mai 9, 2016","format":false,"excerpt":"Seit \u00fcber sechs Jahren arbeiten wir nun schon mit ganzem Herzen daran, das Kulturgut der Siebenb\u00fcrger Sachsen wieder zu beleben und f\u00fcr zuk\u00fcnftige Generationen zu erhalten. Schlie\u00dfen Sie sich uns an, denn Ihr Beitrag unterst\u00fctzt uns bei unserem Vorhaben, die siebenb\u00fcrgisch-s\u00e4chsischen D\u00f6rfer wieder in ihren urspr\u00fcnglichen Zustand zu versetzen. Der\u2026","rel":"","context":"\u00c4hnlicher Beitrag","img":{"alt_text":"","src":"https:\/\/i0.wp.com\/dev.fundatia-mvschmidt.org\/wp-content\/uploads\/2021\/06\/Haferland-Crit-27-07-2020-5.jpg?resize=350%2C200&ssl=1","width":350,"height":200},"classes":[]},{"id":3429,"url":"https:\/\/dev.fundatia-mvschmidt.org\/de\/was-wir-bis-jetzt-erreicht-haben\/","url_meta":{"origin":3466,"position":2},"title":"Was wir bis jetzt erreicht haben","date":"Mai 9, 2016","format":false,"excerpt":"Von Anfang an hatten wir das Ziel, Projekte zu f\u00f6rdern, die das kulturelle Erbe der Siebenb\u00fcrger Sachsen f\u00fcr zuk\u00fcnftige Generationen bewahren. Dies waren beispielsweise Ma\u00dfnahmen zur Restaurierung und Instandhaltung von Kirchenburgen, die originalgetreue Rekonstruktion eines s\u00e4chsischen Pfarrhauses sowie die Restaurierung typisch siebenb\u00fcrgisch-s\u00e4chsischer H\u00e4user im Haferland. Au\u00dferdem wussten wir, dass es\u2026","rel":"","context":"\u00c4hnlicher Beitrag","img":{"alt_text":"","src":"https:\/\/i0.wp.com\/dev.fundatia-mvschmidt.org\/wp-content\/uploads\/2016\/05\/modificata.jpg?resize=350%2C200&ssl=1","width":350,"height":200},"classes":[]},{"id":3460,"url":"https:\/\/dev.fundatia-mvschmidt.org\/de\/postkarten-auf-den-spuren-der-siebenburger-sachsen\/","url_meta":{"origin":3466,"position":3},"title":"Postkarten &#8222;Auf den Spuren der Siebenb\u00fcrger-Sachsen&#8220;","date":"Oktober 3, 2016","format":false,"excerpt":"Diese 45 Postkarten aus der Fotokollektion \u201eAuf den Spuren der Siebenb\u00fcrger-Sachsen\u201c sind Teil eines umfangreichen Projektes, mit dem Ziel eine der wichtigsten Kulturen einer Bev\u00f6lkerungsminderheit aus Rum\u00e4nien (wieder) zu entdecken & ihrer vor \u00fcber 800 Jahren beginnenden Erz\u00e4hlung zu folgen. F\u00fcr die erste Postkartenserie haben wir das Haferland und die\u2026","rel":"","context":"\u00c4hnlicher Beitrag","img":{"alt_text":"","src":"https:\/\/i0.wp.com\/www.fundatia-michael-schmidt.org\/wp-content\/uploads\/2016\/10\/Carti-postale-212x300.png?resize=350%2C200","width":350,"height":200},"classes":[]},{"id":3458,"url":"https:\/\/dev.fundatia-mvschmidt.org\/de\/das-buch-deutsch-kreuz-geschichte-erzahlungen-und-leben-in-einem-siebenburgisch-sachsischen-dorf\/","url_meta":{"origin":3466,"position":4},"title":"Das Buch &#8222;Deutsch-Kreuz. Geschichte, Erz\u00e4hlungen und Leben in einem siebenb\u00fcrgisch-s\u00e4chsischen Dorf&#8220;\u00a0","date":"Oktober 3, 2016","format":false,"excerpt":"Das Buch von Ruxandra Hurezean \u201eDeutsch-Kreuz. Geschichte, Geschichten und Leben eines siebenb\u00fcrgisch-s\u00e4chsischen Dorfes\u201c, geschrieben im Stil eines Romans, mit einer sehr lebendigen und authentischen Schreibweise, beschreibt die Geschichte des Dorfes Deutsch-Kreuz, gesehen aus den Augen von Sofia Folberth, die mit ihren 94 Jahren die wohl \u00e4lteste Siebenb\u00fcrger-S\u00e4chsin in der Region\u2026","rel":"","context":"\u00c4hnlicher Beitrag","img":{"alt_text":"","src":"","width":0,"height":0},"classes":[]},{"id":3464,"url":"https:\/\/dev.fundatia-mvschmidt.org\/de\/das-buch-die-geschichte-der-siebenburger-sachsen-von-ihnen-selbst-erzahlt\/","url_meta":{"origin":3466,"position":5},"title":"Das Buch \u201cDie Geschichte der Siebenb\u00fcrger-Sachsen. Von ihnen selbst erz\u00e4hlt\u201d","date":"Dezember 9, 2016","format":false,"excerpt":"Das Buch \u201cDie Geschichte der Siebenb\u00fcrger-Sachsen. Von ihnen selbst erz\u00e4hlt\u201d von Ruxandra Hurezean, enth\u00e4lt die Lebensgeschichten von 12 Siebenb\u00fcrger-Sachsen, die nach dem Kommunismus in Rum\u00e4nien geblieben, beziehungsweise nach Rum\u00e4nien zur\u00fcckgekehrt sind. Die Geschichten sind \u201evon ihnen selbst erz\u00e4hlt\u201c, weil es sich um Reportagen handelt, die durch journalistische Mittel \u00fcber mehrere\u2026","rel":"","context":"\u00c4hnlicher Beitrag","img":{"alt_text":"","src":"","width":0,"height":0},"classes":[]}],"_links":{"self":[{"href":"https:\/\/dev.fundatia-mvschmidt.org\/de\/wp-json\/wp\/v2\/pages\/3466"}],"collection":[{"href":"https:\/\/dev.fundatia-mvschmidt.org\/de\/wp-json\/wp\/v2\/pages"}],"about":[{"href":"https:\/\/dev.fundatia-mvschmidt.org\/de\/wp-json\/wp\/v2\/types\/page"}],"author":[{"embeddable":true,"href":"https:\/\/dev.fundatia-mvschmidt.org\/de\/wp-json\/wp\/v2\/users\/1"}],"replies":[{"embeddable":true,"href":"https:\/\/dev.fundatia-mvschmidt.org\/de\/wp-json\/wp\/v2\/comments?post=3466"}],"version-history":[{"count":0,"href":"https:\/\/dev.fundatia-mvschmidt.org\/de\/wp-json\/wp\/v2\/pages\/3466\/revisions"}],"wp:attachment":[{"href":"https:\/\/dev.fundatia-mvschmidt.org\/de\/wp-json\/wp\/v2\/media?parent=3466"}],"curies":[{"name":"wp","href":"https:\/\/api.w.org\/{rel}","templated":true}]}}