{"id":3462,"date":"2016-10-04T11:05:43","date_gmt":"2016-10-04T11:05:43","guid":{"rendered":"https:\/\/dev.fundatia-mvschmidt.org\/bestellen\/"},"modified":"2016-10-04T11:05:43","modified_gmt":"2016-10-04T11:05:43","slug":"bestellen","status":"publish","type":"page","link":"https:\/\/dev.fundatia-mvschmidt.org\/de\/bestellen\/","title":{"rendered":"Bestellen"},"content":{"rendered":"<table>\n<tbody>\n<tr>\n<td width=\"20%\"><img loading=\"lazy\" class=\"aligncenter wp-image-740 size-full\" src=\"http:\/\/www.fundatia-michael-schmidt.org\/wp-content\/uploads\/2016\/10\/coperta_gerrmana1.jpg\" width=\"1194\" height=\"1684\" srcset=\"https:\/\/dev.fundatia-mvschmidt.org\/wp-content\/uploads\/2016\/10\/coperta_gerrmana1.jpg 1194w, https:\/\/dev.fundatia-mvschmidt.org\/wp-content\/uploads\/2016\/10\/coperta_gerrmana1-213x300.jpg 213w, https:\/\/dev.fundatia-mvschmidt.org\/wp-content\/uploads\/2016\/10\/coperta_gerrmana1-768x1083.jpg 768w, https:\/\/dev.fundatia-mvschmidt.org\/wp-content\/uploads\/2016\/10\/coperta_gerrmana1-726x1024.jpg 726w\" sizes=\"(max-width: 1194px) 100vw, 1194px\" \/><\/td>\n<td valign=\"top\">\n<p><strong>Das Buch \u201eDeutsch-Kreuz. Geschichte, Geschichten und Leben eines siebenb\u00fcrgisch-s\u00e4chsischen Dorfes\u201c<\/strong><\/p>\n<p>Das Buch von Ruxandra Hurezean \u201eDeutsch-Kreuz. Geschichte, Geschichten und Leben eines siebenb\u00fcrgisch-s\u00e4chsischen Dorfes\u201c, geschrieben im Stil eines Romans, mit einer sehr lebendigen und authentischen Schreibweise, beschreibt die Geschichte des Dorfes Deutsch-Kreuz, gesehen aus den Augen von Sofia Folberth, die mit ihren 94 Jahren die wohl \u00e4lteste Siebenb\u00fcrger-S\u00e4chsin in der Region ist. Sofia lebt in Deutschland, doch jeden Fr\u00fchling kehrt sie in ihr Dorf zur\u00fcck, wo sie als Kirchenf\u00fchrerin in der evangelischen Kirche den Touristen aus der ganzen Welt die Geschichte des Dorfes erz\u00e4hlt. Die Leser erfahren aus dem Buch einzigartige Details \u00fcber das fr\u00fchere Leben der Siebenb\u00fcrger Sachsen, als sie noch in Nachbarschaften wohnten, aber auch wie tief verwurzelt die Traditionen der Siebenb\u00fcrger Sachsen sind und wie stark diese im Laufe der Zeit das Leben der \u00f6rtlichen Gemeinschaft gepr\u00e4gt haben. Die Schriftstellerin setzt sich zum Ziel,\u00a0 die breite \u00d6ffentlichkeit mit dem Erbe der Siebenb\u00fcrger Sachsen vertraut zu machen und den Leserinnen und Lesern die Gelegenheit zu bieten, einen weiteren Baustein der lebendigen Geschichte Rum\u00e4niens aus n\u00e4chster N\u00e4he kennenzulernen, ausgehend von der Geschichte eines kleinen Dorfes.<\/p>\n<p><strong>Preis: 14 Euro<\/strong><\/td>\n<td width=\"20%\"><a href=\"https:\/\/dev.fundatia-mvschmidt.org\/cartea-crit-istoria-povestile-si-viata-unui-sat-de-sasi\/\"><img loading=\"lazy\" class=\"alignright wp-image-467 size-medium\" src=\"http:\/\/www.fundatia-michael-schmidt.org\/wp-content\/uploads\/2016\/10\/comanda-de.png\" alt=\"-acum comanda\" width=\"200\" height=\"200\" \/><\/a><\/td>\n<\/tr>\n<\/tbody>\n<\/table>\n<table style=\"height: 249px;\" width=\"971\">\n<tbody>\n<tr>\n<td width=\"20%\"><img loading=\"lazy\" class=\"aligncenter size-full wp-image-742\" src=\"http:\/\/www.fundatia-michael-schmidt.org\/wp-content\/uploads\/2016\/10\/coperta_germana2.jpg\" alt=\"coperta_germana2\" width=\"1196\" height=\"1668\" srcset=\"https:\/\/dev.fundatia-mvschmidt.org\/wp-content\/uploads\/2016\/10\/coperta_germana2.jpg 1196w, https:\/\/dev.fundatia-mvschmidt.org\/wp-content\/uploads\/2016\/10\/coperta_germana2-215x300.jpg 215w, https:\/\/dev.fundatia-mvschmidt.org\/wp-content\/uploads\/2016\/10\/coperta_germana2-768x1071.jpg 768w, https:\/\/dev.fundatia-mvschmidt.org\/wp-content\/uploads\/2016\/10\/coperta_germana2-734x1024.jpg 734w\" sizes=\"(max-width: 1196px) 100vw, 1196px\" \/><\/td>\n<td valign=\"top\"><strong>Das Buch \u201cZwischen den Welten. Siebenb\u00fcrger Sachsen und Banater Schwaben erz\u00e4hlen\u201c<\/strong><\/p>\n<p>Das Buch \u201cZwischen den Welten. Siebenb\u00fcrger Sachsen und Banater Schwaben erz\u00e4hlen\u201d enth\u00e4lt die Lebensgeschichten von 12 Siebenb\u00fcrger-Sachsen, die nach dem Kommunismus in Rum\u00e4nien geblieben, beziehungsweise nach Rum\u00e4nien zur\u00fcckgekehrt sind. Die Geschichten sind \u201evon ihnen selbst erz\u00e4hlt\u201c, weil es sich um Reportagen handelt, die durch journalistische Mittel \u00fcber mehrere Jahre, von 2008 bis 2016, durchgef\u00fchrt wurden. Inmitten jeder Lebensgeschichte werden Sie die Geschichte der Siebenb\u00fcrger-Sachsen entdecken. Aus den Offenbarungen ist ihr Schicksal besser zu verstehen. Sie erfahren, welche Fehler in der Vergangenheit gemacht wurden und warum diese nicht wiederholt werden d\u00fcrfen. \u00dcber die Grenzen hinweg gedr\u00e4ngt, haben sie nicht aufgegeben und sind st\u00e4rker geworden.<\/p>\n<p><strong>Preis: 8 Euro<\/strong><\/td>\n<td width=\"20%\"><a href=\"https:\/\/dev.fundatia-mvschmidt.org\/povestea-sasilor-din-transilvania-spusa-chiar-de-ei\/\"><img loading=\"lazy\" class=\"alignright wp-image-467 size-medium\" src=\"http:\/\/www.fundatia-michael-schmidt.org\/wp-content\/uploads\/2016\/10\/comanda-de.png\" alt=\"-acum comanda\" width=\"200\" height=\"200\" \/><\/a><\/td>\n<\/tr>\n<\/tbody>\n<\/table>\n<table>\n<tbody>\n<tr>\n<td width=\"20%\"><img loading=\"lazy\" class=\"alignleft size-medium wp-image-480\" src=\"http:\/\/www.fundatia-michael-schmidt.org\/wp-content\/uploads\/2016\/10\/Carti-postale-212x300.png\" alt=\"carte po\u0219tal\u0103-carti\" width=\"212\" height=\"300\" srcset=\"https:\/\/dev.fundatia-mvschmidt.org\/wp-content\/uploads\/2016\/10\/Carti-postale-212x300.png 212w, https:\/\/dev.fundatia-mvschmidt.org\/wp-content\/uploads\/2016\/10\/Carti-postale.png 410w\" sizes=\"(max-width: 212px) 100vw, 212px\" \/><\/td>\n<td valign=\"top\"><strong>Die Postkartensammlung \u201cAuf den Spuren der Siebenb\u00fcrger Sachsen\u201d<\/strong><\/p>\n<p>Die Postkartensammlung \u201eauf den Spuren der Siebenb\u00fcrger-Sachsen\u201d beinhaltet\u00a0 45 Fotografien, die im Haferland aufgenommen wurden. Das Projekt ist Teil einer gro\u00dfen Initiative, die festhalten soll, wie sich die Geschichte der Siebenb\u00fcrger-Sachsen nach mehr als 800 Jahren weiterentwickelt hat.<\/p>\n<p><strong>Preis: 10 Euro<\/strong><\/p>\n<p><strong><span style=\"vertical-align: inherit;\"><span style=\"vertical-align: inherit;\">\u00a0<\/span><\/span><\/strong><\/td>\n<td width=\"20%\"><a href=\"https:\/\/dev.fundatia-mvschmidt.org\/cartoline-pe-urmele-sasilor\/\"><img loading=\"lazy\" class=\"alignright wp-image-467 size-medium\" src=\"http:\/\/www.fundatia-michael-schmidt.org\/wp-content\/uploads\/2016\/10\/comanda-de.png\" alt=\"-acum comanda\" width=\"200\" height=\"200\" \/><\/a><\/td>\n<\/tr>\n<\/tbody>\n<\/table>\n<table>\n<tbody>\n<tr>\n<td width=\"20%\"><img loading=\"lazy\" class=\"alignleft size-medium wp-image-481\" src=\"http:\/\/www.fundatia-michael-schmidt.org\/wp-content\/uploads\/2016\/10\/Coperta-DVD-229x300.png\" alt=\"DVD-COPERTA\" width=\"229\" height=\"300\" srcset=\"https:\/\/dev.fundatia-mvschmidt.org\/wp-content\/uploads\/2016\/10\/Coperta-DVD-229x300.png 229w, https:\/\/dev.fundatia-mvschmidt.org\/wp-content\/uploads\/2016\/10\/Coperta-DVD.png 443w\" sizes=\"(max-width: 229px) 100vw, 229px\" \/><\/td>\n<td valign=\"top\"><strong>Die DVD \u201eOrgeln in Siebenb\u00fcrgen. Eine Reise zu den Wurzeln&#8230;\u201c<\/strong><\/p>\n<p>Eine originelle Reise durch die siebenb\u00fcrgischen Kirchenburgen und deren Orgeln. Die gefilmten Szenen und die Musik in dieser Dokumentation lassen die Magie der l\u00e4ngst vergangenen Zeit erahnen. Die \u00e4lteste, die gr\u00f6\u00dfte und die pr\u00e4chtigste Orgel aus Siebenb\u00fcrgen sind nur einige interessante Aspekte die in diesem Dokumentarfilm gesehen werden k\u00f6nnen.<\/p>\n<p><strong>Preis: 10 Euro<\/strong><\/td>\n<td width=\"20%\"><a href=\"https:\/\/dev.fundatia-mvschmidt.org\/dvd-transilvania\/\"><img loading=\"lazy\" class=\"alignright wp-image-467 size-medium\" src=\"http:\/\/www.fundatia-michael-schmidt.org\/wp-content\/uploads\/2016\/10\/comanda-de.png\" alt=\"-acum comanda\" width=\"200\" height=\"200\" \/><\/a><\/td>\n<\/tr>\n<\/tbody>\n<\/table>\n","protected":false},"excerpt":{"rendered":"<p>Das Buch \u201eDeutsch-Kreuz. Geschichte, Geschichten und Leben eines siebenb\u00fcrgisch-s\u00e4chsischen Dorfes\u201c Das Buch von Ruxandra Hurezean \u201eDeutsch-Kreuz. Geschichte, Geschichten und Leben eines siebenb\u00fcrgisch-s\u00e4chsischen Dorfes\u201c, geschrieben im Stil eines Romans, mit einer sehr lebendigen und authentischen Schreibweise, beschreibt die Geschichte des Dorfes Deutsch-Kreuz, gesehen aus den Augen von Sofia Folberth, die mit ihren 94 Jahren die wohl <a class=\"more-link\" href=\"https:\/\/dev.fundatia-mvschmidt.org\/de\/bestellen\/\">[&#8230;]<\/a><\/p>\n","protected":false},"author":1,"featured_media":0,"parent":0,"menu_order":0,"comment_status":"closed","ping_status":"closed","template":"","meta":{"spay_email":""},"yoast_head":"<!-- This site is optimized with the Yoast SEO plugin v18.2 - https:\/\/yoast.com\/wordpress\/plugins\/seo\/ -->\n<title>Bestellen | Fundatia M&amp;V Schmidt<\/title>\n<meta name=\"robots\" content=\"noindex, follow, max-snippet:-1, max-image-preview:large, max-video-preview:-1\" \/>\n<meta property=\"og:locale\" content=\"de_DE\" \/>\n<meta property=\"og:type\" content=\"article\" \/>\n<meta property=\"og:title\" content=\"Bestellen | Fundatia M&amp;V Schmidt\" \/>\n<meta property=\"og:description\" content=\"Das Buch \u201eDeutsch-Kreuz. Geschichte, Geschichten und Leben eines siebenb\u00fcrgisch-s\u00e4chsischen Dorfes\u201c Das Buch von Ruxandra Hurezean \u201eDeutsch-Kreuz. Geschichte, Geschichten und Leben eines siebenb\u00fcrgisch-s\u00e4chsischen Dorfes\u201c, geschrieben im Stil eines Romans, mit einer sehr lebendigen und authentischen Schreibweise, beschreibt die Geschichte des Dorfes Deutsch-Kreuz, gesehen aus den Augen von Sofia Folberth, die mit ihren 94 Jahren die wohl [...]\" \/>\n<meta property=\"og:url\" content=\"https:\/\/dev.fundatia-mvschmidt.org\/bestellen\/?lang=de\" \/>\n<meta property=\"og:site_name\" content=\"Fundatia M&amp;V Schmidt\" \/>\n<meta property=\"og:image\" content=\"http:\/\/www.fundatia-michael-schmidt.org\/wp-content\/uploads\/2016\/10\/coperta_gerrmana1.jpg\" \/>\n<meta name=\"twitter:card\" content=\"summary\" \/>\n<meta name=\"twitter:label1\" content=\"Gesch\u00e4tzte Lesezeit\" \/>\n\t<meta name=\"twitter:data1\" content=\"2\u00a0Minuten\" \/>\n<script type=\"application\/ld+json\" class=\"yoast-schema-graph\">{\"@context\":\"https:\/\/schema.org\",\"@graph\":[{\"@type\":\"WebSite\",\"@id\":\"https:\/\/dev.fundatia-mvschmidt.org\/#website\",\"url\":\"https:\/\/dev.fundatia-mvschmidt.org\/\",\"name\":\"Fundatia M&amp;V Schmidt\",\"description\":\"\",\"potentialAction\":[{\"@type\":\"SearchAction\",\"target\":{\"@type\":\"EntryPoint\",\"urlTemplate\":\"https:\/\/dev.fundatia-mvschmidt.org\/?s={search_term_string}\"},\"query-input\":\"required name=search_term_string\"}],\"inLanguage\":\"de\"},{\"@type\":\"ImageObject\",\"@id\":\"https:\/\/dev.fundatia-mvschmidt.org\/bestellen\/?lang=de#primaryimage\",\"inLanguage\":\"de\",\"url\":\"http:\/\/www.fundatia-michael-schmidt.org\/wp-content\/uploads\/2016\/10\/coperta_gerrmana1.jpg\",\"contentUrl\":\"http:\/\/www.fundatia-michael-schmidt.org\/wp-content\/uploads\/2016\/10\/coperta_gerrmana1.jpg\"},{\"@type\":\"WebPage\",\"@id\":\"https:\/\/dev.fundatia-mvschmidt.org\/bestellen\/?lang=de#webpage\",\"url\":\"https:\/\/dev.fundatia-mvschmidt.org\/bestellen\/?lang=de\",\"name\":\"Bestellen | Fundatia M&amp;V Schmidt\",\"isPartOf\":{\"@id\":\"https:\/\/dev.fundatia-mvschmidt.org\/#website\"},\"primaryImageOfPage\":{\"@id\":\"https:\/\/dev.fundatia-mvschmidt.org\/bestellen\/?lang=de#primaryimage\"},\"datePublished\":\"2016-10-04T11:05:43+00:00\",\"dateModified\":\"2016-10-04T11:05:43+00:00\",\"breadcrumb\":{\"@id\":\"https:\/\/dev.fundatia-mvschmidt.org\/bestellen\/?lang=de#breadcrumb\"},\"inLanguage\":\"de\",\"potentialAction\":[{\"@type\":\"ReadAction\",\"target\":[\"https:\/\/dev.fundatia-mvschmidt.org\/bestellen\/?lang=de\"]}]},{\"@type\":\"BreadcrumbList\",\"@id\":\"https:\/\/dev.fundatia-mvschmidt.org\/bestellen\/?lang=de#breadcrumb\",\"itemListElement\":[{\"@type\":\"ListItem\",\"position\":1,\"name\":\"Home\",\"item\":\"https:\/\/dev.fundatia-mvschmidt.org\/de\/\"},{\"@type\":\"ListItem\",\"position\":2,\"name\":\"Bestellen\"}]}]}<\/script>\n<!-- \/ Yoast SEO plugin. -->","yoast_head_json":{"title":"Bestellen | Fundatia M&amp;V Schmidt","robots":{"index":"noindex","follow":"follow","max-snippet":"max-snippet:-1","max-image-preview":"max-image-preview:large","max-video-preview":"max-video-preview:-1"},"og_locale":"de_DE","og_type":"article","og_title":"Bestellen | Fundatia M&amp;V Schmidt","og_description":"Das Buch \u201eDeutsch-Kreuz. Geschichte, Geschichten und Leben eines siebenb\u00fcrgisch-s\u00e4chsischen Dorfes\u201c Das Buch von Ruxandra Hurezean \u201eDeutsch-Kreuz. Geschichte, Geschichten und Leben eines siebenb\u00fcrgisch-s\u00e4chsischen Dorfes\u201c, geschrieben im Stil eines Romans, mit einer sehr lebendigen und authentischen Schreibweise, beschreibt die Geschichte des Dorfes Deutsch-Kreuz, gesehen aus den Augen von Sofia Folberth, die mit ihren 94 Jahren die wohl [...]","og_url":"https:\/\/dev.fundatia-mvschmidt.org\/bestellen\/?lang=de","og_site_name":"Fundatia M&amp;V Schmidt","og_image":[{"url":"http:\/\/www.fundatia-michael-schmidt.org\/wp-content\/uploads\/2016\/10\/coperta_gerrmana1.jpg"}],"twitter_card":"summary","twitter_misc":{"Gesch\u00e4tzte Lesezeit":"2\u00a0Minuten"},"schema":{"@context":"https:\/\/schema.org","@graph":[{"@type":"WebSite","@id":"https:\/\/dev.fundatia-mvschmidt.org\/#website","url":"https:\/\/dev.fundatia-mvschmidt.org\/","name":"Fundatia M&amp;V Schmidt","description":"","potentialAction":[{"@type":"SearchAction","target":{"@type":"EntryPoint","urlTemplate":"https:\/\/dev.fundatia-mvschmidt.org\/?s={search_term_string}"},"query-input":"required name=search_term_string"}],"inLanguage":"de"},{"@type":"ImageObject","@id":"https:\/\/dev.fundatia-mvschmidt.org\/bestellen\/?lang=de#primaryimage","inLanguage":"de","url":"http:\/\/www.fundatia-michael-schmidt.org\/wp-content\/uploads\/2016\/10\/coperta_gerrmana1.jpg","contentUrl":"http:\/\/www.fundatia-michael-schmidt.org\/wp-content\/uploads\/2016\/10\/coperta_gerrmana1.jpg"},{"@type":"WebPage","@id":"https:\/\/dev.fundatia-mvschmidt.org\/bestellen\/?lang=de#webpage","url":"https:\/\/dev.fundatia-mvschmidt.org\/bestellen\/?lang=de","name":"Bestellen | Fundatia M&amp;V Schmidt","isPartOf":{"@id":"https:\/\/dev.fundatia-mvschmidt.org\/#website"},"primaryImageOfPage":{"@id":"https:\/\/dev.fundatia-mvschmidt.org\/bestellen\/?lang=de#primaryimage"},"datePublished":"2016-10-04T11:05:43+00:00","dateModified":"2016-10-04T11:05:43+00:00","breadcrumb":{"@id":"https:\/\/dev.fundatia-mvschmidt.org\/bestellen\/?lang=de#breadcrumb"},"inLanguage":"de","potentialAction":[{"@type":"ReadAction","target":["https:\/\/dev.fundatia-mvschmidt.org\/bestellen\/?lang=de"]}]},{"@type":"BreadcrumbList","@id":"https:\/\/dev.fundatia-mvschmidt.org\/bestellen\/?lang=de#breadcrumb","itemListElement":[{"@type":"ListItem","position":1,"name":"Home","item":"https:\/\/dev.fundatia-mvschmidt.org\/de\/"},{"@type":"ListItem","position":2,"name":"Bestellen"}]}]}},"jetpack_sharing_enabled":true,"jetpack_shortlink":"https:\/\/wp.me\/P7wrmh-TQ","jetpack-related-posts":[{"id":3458,"url":"https:\/\/dev.fundatia-mvschmidt.org\/de\/das-buch-deutsch-kreuz-geschichte-erzahlungen-und-leben-in-einem-siebenburgisch-sachsischen-dorf\/","url_meta":{"origin":3462,"position":0},"title":"Das Buch &#8222;Deutsch-Kreuz. Geschichte, Erz\u00e4hlungen und Leben in einem siebenb\u00fcrgisch-s\u00e4chsischen Dorf&#8220;\u00a0","date":"Oktober 3, 2016","format":false,"excerpt":"Das Buch von Ruxandra Hurezean \u201eDeutsch-Kreuz. Geschichte, Geschichten und Leben eines siebenb\u00fcrgisch-s\u00e4chsischen Dorfes\u201c, geschrieben im Stil eines Romans, mit einer sehr lebendigen und authentischen Schreibweise, beschreibt die Geschichte des Dorfes Deutsch-Kreuz, gesehen aus den Augen von Sofia Folberth, die mit ihren 94 Jahren die wohl \u00e4lteste Siebenb\u00fcrger-S\u00e4chsin in der Region\u2026","rel":"","context":"\u00c4hnlicher Beitrag","img":{"alt_text":"","src":"","width":0,"height":0},"classes":[]},{"id":3464,"url":"https:\/\/dev.fundatia-mvschmidt.org\/de\/das-buch-die-geschichte-der-siebenburger-sachsen-von-ihnen-selbst-erzahlt\/","url_meta":{"origin":3462,"position":1},"title":"Das Buch \u201cDie Geschichte der Siebenb\u00fcrger-Sachsen. Von ihnen selbst erz\u00e4hlt\u201d","date":"Dezember 9, 2016","format":false,"excerpt":"Das Buch \u201cDie Geschichte der Siebenb\u00fcrger-Sachsen. Von ihnen selbst erz\u00e4hlt\u201d von Ruxandra Hurezean, enth\u00e4lt die Lebensgeschichten von 12 Siebenb\u00fcrger-Sachsen, die nach dem Kommunismus in Rum\u00e4nien geblieben, beziehungsweise nach Rum\u00e4nien zur\u00fcckgekehrt sind. Die Geschichten sind \u201evon ihnen selbst erz\u00e4hlt\u201c, weil es sich um Reportagen handelt, die durch journalistische Mittel \u00fcber mehrere\u2026","rel":"","context":"\u00c4hnlicher Beitrag","img":{"alt_text":"","src":"","width":0,"height":0},"classes":[]},{"id":3460,"url":"https:\/\/dev.fundatia-mvschmidt.org\/de\/postkarten-auf-den-spuren-der-siebenburger-sachsen\/","url_meta":{"origin":3462,"position":2},"title":"Postkarten &#8222;Auf den Spuren der Siebenb\u00fcrger-Sachsen&#8220;","date":"Oktober 3, 2016","format":false,"excerpt":"Diese 45 Postkarten aus der Fotokollektion \u201eAuf den Spuren der Siebenb\u00fcrger-Sachsen\u201c sind Teil eines umfangreichen Projektes, mit dem Ziel eine der wichtigsten Kulturen einer Bev\u00f6lkerungsminderheit aus Rum\u00e4nien (wieder) zu entdecken & ihrer vor \u00fcber 800 Jahren beginnenden Erz\u00e4hlung zu folgen. F\u00fcr die erste Postkartenserie haben wir das Haferland und die\u2026","rel":"","context":"\u00c4hnlicher Beitrag","img":{"alt_text":"","src":"https:\/\/i0.wp.com\/www.fundatia-michael-schmidt.org\/wp-content\/uploads\/2016\/10\/Carti-postale-212x300.png?resize=350%2C200","width":350,"height":200},"classes":[]},{"id":3427,"url":"https:\/\/dev.fundatia-mvschmidt.org\/de\/uber-uns\/","url_meta":{"origin":3462,"position":3},"title":"\u00dcber uns","date":"Mai 9, 2016","format":false,"excerpt":"Wenn Sie hier auf unserer Seite angekommen sind, bedeutet es, dass Sie sich einbringen m\u00f6chten, genauso wie wir. Bevor wir Ihnen zeigen, wie Sie dies tun k\u00f6nnen, m\u00f6chten wir Ihnen einige Informationen \u00fcber unsere Stiftung geben: Die Michael Schmidt Stiftung ist eine Non-Profit Organisation, die im Jahr 2010 von Michael\u2026","rel":"","context":"\u00c4hnlicher Beitrag","img":{"alt_text":"","src":"","width":0,"height":0},"classes":[]},{"id":3429,"url":"https:\/\/dev.fundatia-mvschmidt.org\/de\/was-wir-bis-jetzt-erreicht-haben\/","url_meta":{"origin":3462,"position":4},"title":"Was wir bis jetzt erreicht haben","date":"Mai 9, 2016","format":false,"excerpt":"Von Anfang an hatten wir das Ziel, Projekte zu f\u00f6rdern, die das kulturelle Erbe der Siebenb\u00fcrger Sachsen f\u00fcr zuk\u00fcnftige Generationen bewahren. Dies waren beispielsweise Ma\u00dfnahmen zur Restaurierung und Instandhaltung von Kirchenburgen, die originalgetreue Rekonstruktion eines s\u00e4chsischen Pfarrhauses sowie die Restaurierung typisch siebenb\u00fcrgisch-s\u00e4chsischer H\u00e4user im Haferland. Au\u00dferdem wussten wir, dass es\u2026","rel":"","context":"\u00c4hnlicher Beitrag","img":{"alt_text":"","src":"https:\/\/i0.wp.com\/dev.fundatia-mvschmidt.org\/wp-content\/uploads\/2016\/05\/modificata.jpg?resize=350%2C200&ssl=1","width":350,"height":200},"classes":[]},{"id":3466,"url":"https:\/\/dev.fundatia-mvschmidt.org\/de\/spenden\/","url_meta":{"origin":3462,"position":5},"title":"Spenden","date":"Januar 31, 2017","format":false,"excerpt":"Seit \u00fcber sechs Jahren arbeiten wir daran, das Kulturgut der Siebenb\u00fcrger-Sachsen in Rum\u00e4nien zu erhalten, sowie das wertvolle Kulturerbe dieser Gemeinschaft zu f\u00f6rdern. Wir sind stolz auf das was wir erreicht haben, aber es gibt noch viel zu tun. Ihre Spende hilft uns dabei, siebenb\u00fcrgisch-s\u00e4chsische H\u00e4user zu restaurieren, Kinder aus\u2026","rel":"","context":"\u00c4hnlicher Beitrag","img":{"alt_text":"","src":"","width":0,"height":0},"classes":[]}],"_links":{"self":[{"href":"https:\/\/dev.fundatia-mvschmidt.org\/de\/wp-json\/wp\/v2\/pages\/3462"}],"collection":[{"href":"https:\/\/dev.fundatia-mvschmidt.org\/de\/wp-json\/wp\/v2\/pages"}],"about":[{"href":"https:\/\/dev.fundatia-mvschmidt.org\/de\/wp-json\/wp\/v2\/types\/page"}],"author":[{"embeddable":true,"href":"https:\/\/dev.fundatia-mvschmidt.org\/de\/wp-json\/wp\/v2\/users\/1"}],"replies":[{"embeddable":true,"href":"https:\/\/dev.fundatia-mvschmidt.org\/de\/wp-json\/wp\/v2\/comments?post=3462"}],"version-history":[{"count":0,"href":"https:\/\/dev.fundatia-mvschmidt.org\/de\/wp-json\/wp\/v2\/pages\/3462\/revisions"}],"wp:attachment":[{"href":"https:\/\/dev.fundatia-mvschmidt.org\/de\/wp-json\/wp\/v2\/media?parent=3462"}],"curies":[{"name":"wp","href":"https:\/\/api.w.org\/{rel}","templated":true}]}}