{"id":3445,"date":"2016-05-10T09:08:28","date_gmt":"2016-05-10T09:08:28","guid":{"rendered":"https:\/\/dev.fundatia-mvschmidt.org\/bildung\/"},"modified":"2022-02-24T22:15:28","modified_gmt":"2022-02-24T22:15:28","slug":"bildung","status":"publish","type":"page","link":"https:\/\/dev.fundatia-mvschmidt.org\/de\/bildung\/","title":{"rendered":"Bildung"},"content":{"rendered":"<p>Wir unterst\u00fctzen aktiv das Unterrichtswesen in deutscher Sprache in Rum\u00e4nien aber wir sind auch in Projekte involviert, die das Bildungswesen auf nationaler Ebene f\u00f6rdern, weil wir wissen, dass diejenigen, die die Traditionen einer Gemeinschaft weitertragen k\u00f6nnen unsere Kinder sind.<\/p>\n<p>Den Bereich Bildung werden wir auch in Zukunft mit verschiedenen Ma\u00dfnahmen unterst\u00fctzen. Wir m\u00f6chten, dass die Kinder Zugang zu einer qualitativ hochwertigen Bildung haben und dass die Lehrer mit Leidenschaft und Motivation ihren Beruf aus\u00fcben und neue Lehrmaterialien zur Verf\u00fcgung gestellt bekommen, die den Anforderungen eines modernen Bildungssystems gerecht werden.<\/p>\n","protected":false},"excerpt":{"rendered":"<p>Wir unterst\u00fctzen aktiv das Unterrichtswesen in deutscher Sprache in Rum\u00e4nien aber wir sind auch in Projekte involviert, die das Bildungswesen auf nationaler Ebene f\u00f6rdern, weil wir wissen, dass diejenigen, die die Traditionen einer Gemeinschaft weitertragen k\u00f6nnen unsere Kinder sind. Den Bereich Bildung werden wir auch in Zukunft mit verschiedenen Ma\u00dfnahmen unterst\u00fctzen. Wir m\u00f6chten, dass die <a class=\"more-link\" href=\"https:\/\/dev.fundatia-mvschmidt.org\/de\/bildung\/\">[&#8230;]<\/a><\/p>\n","protected":false},"author":1,"featured_media":3582,"parent":0,"menu_order":0,"comment_status":"closed","ping_status":"closed","template":"","meta":{"spay_email":""},"yoast_head":"<!-- This site is optimized with the Yoast SEO plugin v18.2 - https:\/\/yoast.com\/wordpress\/plugins\/seo\/ -->\n<title>Bildung | Fundatia M&amp;V Schmidt<\/title>\n<meta name=\"robots\" content=\"noindex, follow, max-snippet:-1, max-image-preview:large, max-video-preview:-1\" \/>\n<meta property=\"og:locale\" content=\"de_DE\" \/>\n<meta property=\"og:type\" content=\"article\" \/>\n<meta property=\"og:title\" content=\"Bildung | Fundatia M&amp;V Schmidt\" \/>\n<meta property=\"og:description\" content=\"Wir unterst\u00fctzen aktiv das Unterrichtswesen in deutscher Sprache in Rum\u00e4nien aber wir sind auch in Projekte involviert, die das Bildungswesen auf nationaler Ebene f\u00f6rdern, weil wir wissen, dass diejenigen, die die Traditionen einer Gemeinschaft weitertragen k\u00f6nnen unsere Kinder sind. Den Bereich Bildung werden wir auch in Zukunft mit verschiedenen Ma\u00dfnahmen unterst\u00fctzen. Wir m\u00f6chten, dass die [...]\" \/>\n<meta property=\"og:url\" content=\"https:\/\/dev.fundatia-mvschmidt.org\/de\/bildung\/\" \/>\n<meta property=\"og:site_name\" content=\"Fundatia M&amp;V Schmidt\" \/>\n<meta property=\"article:modified_time\" content=\"2022-02-24T22:15:28+00:00\" \/>\n<meta property=\"og:image\" content=\"https:\/\/dev.fundatia-mvschmidt.org\/wp-content\/uploads\/2016\/05\/sectiunea-valorile-noastre-educatie.jpg\" \/>\n\t<meta property=\"og:image:width\" content=\"1980\" \/>\n\t<meta property=\"og:image:height\" content=\"1226\" \/>\n\t<meta property=\"og:image:type\" content=\"image\/jpeg\" \/>\n<meta name=\"twitter:card\" content=\"summary\" \/>\n<script type=\"application\/ld+json\" class=\"yoast-schema-graph\">{\"@context\":\"https:\/\/schema.org\",\"@graph\":[{\"@type\":\"WebSite\",\"@id\":\"https:\/\/dev.fundatia-mvschmidt.org\/#website\",\"url\":\"https:\/\/dev.fundatia-mvschmidt.org\/\",\"name\":\"Fundatia M&amp;V Schmidt\",\"description\":\"\",\"potentialAction\":[{\"@type\":\"SearchAction\",\"target\":{\"@type\":\"EntryPoint\",\"urlTemplate\":\"https:\/\/dev.fundatia-mvschmidt.org\/?s={search_term_string}\"},\"query-input\":\"required name=search_term_string\"}],\"inLanguage\":\"de\"},{\"@type\":\"ImageObject\",\"@id\":\"https:\/\/dev.fundatia-mvschmidt.org\/de\/bildung\/#primaryimage\",\"inLanguage\":\"de\",\"url\":\"https:\/\/dev.fundatia-mvschmidt.org\/wp-content\/uploads\/2016\/05\/sectiunea-valorile-noastre-educatie.jpg\",\"contentUrl\":\"https:\/\/dev.fundatia-mvschmidt.org\/wp-content\/uploads\/2016\/05\/sectiunea-valorile-noastre-educatie.jpg\",\"width\":1980,\"height\":1226},{\"@type\":\"WebPage\",\"@id\":\"https:\/\/dev.fundatia-mvschmidt.org\/de\/bildung\/#webpage\",\"url\":\"https:\/\/dev.fundatia-mvschmidt.org\/de\/bildung\/\",\"name\":\"Bildung | Fundatia M&amp;V Schmidt\",\"isPartOf\":{\"@id\":\"https:\/\/dev.fundatia-mvschmidt.org\/#website\"},\"primaryImageOfPage\":{\"@id\":\"https:\/\/dev.fundatia-mvschmidt.org\/de\/bildung\/#primaryimage\"},\"datePublished\":\"2016-05-10T09:08:28+00:00\",\"dateModified\":\"2022-02-24T22:15:28+00:00\",\"breadcrumb\":{\"@id\":\"https:\/\/dev.fundatia-mvschmidt.org\/de\/bildung\/#breadcrumb\"},\"inLanguage\":\"de\",\"potentialAction\":[{\"@type\":\"ReadAction\",\"target\":[\"https:\/\/dev.fundatia-mvschmidt.org\/de\/bildung\/\"]}]},{\"@type\":\"BreadcrumbList\",\"@id\":\"https:\/\/dev.fundatia-mvschmidt.org\/de\/bildung\/#breadcrumb\",\"itemListElement\":[{\"@type\":\"ListItem\",\"position\":1,\"name\":\"Home\",\"item\":\"https:\/\/dev.fundatia-mvschmidt.org\/de\/\"},{\"@type\":\"ListItem\",\"position\":2,\"name\":\"Bildung\"}]}]}<\/script>\n<!-- \/ Yoast SEO plugin. -->","yoast_head_json":{"title":"Bildung | Fundatia M&amp;V Schmidt","robots":{"index":"noindex","follow":"follow","max-snippet":"max-snippet:-1","max-image-preview":"max-image-preview:large","max-video-preview":"max-video-preview:-1"},"og_locale":"de_DE","og_type":"article","og_title":"Bildung | Fundatia M&amp;V Schmidt","og_description":"Wir unterst\u00fctzen aktiv das Unterrichtswesen in deutscher Sprache in Rum\u00e4nien aber wir sind auch in Projekte involviert, die das Bildungswesen auf nationaler Ebene f\u00f6rdern, weil wir wissen, dass diejenigen, die die Traditionen einer Gemeinschaft weitertragen k\u00f6nnen unsere Kinder sind. Den Bereich Bildung werden wir auch in Zukunft mit verschiedenen Ma\u00dfnahmen unterst\u00fctzen. Wir m\u00f6chten, dass die [...]","og_url":"https:\/\/dev.fundatia-mvschmidt.org\/de\/bildung\/","og_site_name":"Fundatia M&amp;V Schmidt","article_modified_time":"2022-02-24T22:15:28+00:00","og_image":[{"width":1980,"height":1226,"url":"https:\/\/dev.fundatia-mvschmidt.org\/wp-content\/uploads\/2016\/05\/sectiunea-valorile-noastre-educatie.jpg","type":"image\/jpeg"}],"twitter_card":"summary","schema":{"@context":"https:\/\/schema.org","@graph":[{"@type":"WebSite","@id":"https:\/\/dev.fundatia-mvschmidt.org\/#website","url":"https:\/\/dev.fundatia-mvschmidt.org\/","name":"Fundatia M&amp;V Schmidt","description":"","potentialAction":[{"@type":"SearchAction","target":{"@type":"EntryPoint","urlTemplate":"https:\/\/dev.fundatia-mvschmidt.org\/?s={search_term_string}"},"query-input":"required name=search_term_string"}],"inLanguage":"de"},{"@type":"ImageObject","@id":"https:\/\/dev.fundatia-mvschmidt.org\/de\/bildung\/#primaryimage","inLanguage":"de","url":"https:\/\/dev.fundatia-mvschmidt.org\/wp-content\/uploads\/2016\/05\/sectiunea-valorile-noastre-educatie.jpg","contentUrl":"https:\/\/dev.fundatia-mvschmidt.org\/wp-content\/uploads\/2016\/05\/sectiunea-valorile-noastre-educatie.jpg","width":1980,"height":1226},{"@type":"WebPage","@id":"https:\/\/dev.fundatia-mvschmidt.org\/de\/bildung\/#webpage","url":"https:\/\/dev.fundatia-mvschmidt.org\/de\/bildung\/","name":"Bildung | Fundatia M&amp;V Schmidt","isPartOf":{"@id":"https:\/\/dev.fundatia-mvschmidt.org\/#website"},"primaryImageOfPage":{"@id":"https:\/\/dev.fundatia-mvschmidt.org\/de\/bildung\/#primaryimage"},"datePublished":"2016-05-10T09:08:28+00:00","dateModified":"2022-02-24T22:15:28+00:00","breadcrumb":{"@id":"https:\/\/dev.fundatia-mvschmidt.org\/de\/bildung\/#breadcrumb"},"inLanguage":"de","potentialAction":[{"@type":"ReadAction","target":["https:\/\/dev.fundatia-mvschmidt.org\/de\/bildung\/"]}]},{"@type":"BreadcrumbList","@id":"https:\/\/dev.fundatia-mvschmidt.org\/de\/bildung\/#breadcrumb","itemListElement":[{"@type":"ListItem","position":1,"name":"Home","item":"https:\/\/dev.fundatia-mvschmidt.org\/de\/"},{"@type":"ListItem","position":2,"name":"Bildung"}]}]}},"jetpack_sharing_enabled":true,"jetpack_shortlink":"https:\/\/wp.me\/P7wrmh-Tz","jetpack-related-posts":[{"id":3466,"url":"https:\/\/dev.fundatia-mvschmidt.org\/de\/spenden\/","url_meta":{"origin":3445,"position":0},"title":"Spenden","date":"Januar 31, 2017","format":false,"excerpt":"Seit \u00fcber sechs Jahren arbeiten wir daran, das Kulturgut der Siebenb\u00fcrger-Sachsen in Rum\u00e4nien zu erhalten, sowie das wertvolle Kulturerbe dieser Gemeinschaft zu f\u00f6rdern. Wir sind stolz auf das was wir erreicht haben, aber es gibt noch viel zu tun. Ihre Spende hilft uns dabei, siebenb\u00fcrgisch-s\u00e4chsische H\u00e4user zu restaurieren, Kinder aus\u2026","rel":"","context":"\u00c4hnlicher Beitrag","img":{"alt_text":"","src":"","width":0,"height":0},"classes":[]},{"id":3431,"url":"https:\/\/dev.fundatia-mvschmidt.org\/de\/beteiligen-sie-sich-an-unseren-projekten\/","url_meta":{"origin":3445,"position":1},"title":"Beteiligen Sie sich an unseren Projekten!","date":"Mai 9, 2016","format":false,"excerpt":"Seit \u00fcber sechs Jahren arbeiten wir nun schon mit ganzem Herzen daran, das Kulturgut der Siebenb\u00fcrger Sachsen wieder zu beleben und f\u00fcr zuk\u00fcnftige Generationen zu erhalten. Schlie\u00dfen Sie sich uns an, denn Ihr Beitrag unterst\u00fctzt uns bei unserem Vorhaben, die siebenb\u00fcrgisch-s\u00e4chsischen D\u00f6rfer wieder in ihren urspr\u00fcnglichen Zustand zu versetzen. Der\u2026","rel":"","context":"\u00c4hnlicher Beitrag","img":{"alt_text":"","src":"https:\/\/i0.wp.com\/dev.fundatia-mvschmidt.org\/wp-content\/uploads\/2021\/06\/Haferland-Crit-27-07-2020-5.jpg?resize=350%2C200&ssl=1","width":350,"height":200},"classes":[]},{"id":3427,"url":"https:\/\/dev.fundatia-mvschmidt.org\/de\/uber-uns\/","url_meta":{"origin":3445,"position":2},"title":"\u00dcber uns","date":"Mai 9, 2016","format":false,"excerpt":"Wenn Sie hier auf unserer Seite angekommen sind, bedeutet es, dass Sie sich einbringen m\u00f6chten, genauso wie wir. Bevor wir Ihnen zeigen, wie Sie dies tun k\u00f6nnen, m\u00f6chten wir Ihnen einige Informationen \u00fcber unsere Stiftung geben: Die Michael Schmidt Stiftung ist eine Non-Profit Organisation, die im Jahr 2010 von Michael\u2026","rel":"","context":"\u00c4hnlicher Beitrag","img":{"alt_text":"","src":"","width":0,"height":0},"classes":[]},{"id":3441,"url":"https:\/\/dev.fundatia-mvschmidt.org\/de\/kultur\/","url_meta":{"origin":3445,"position":3},"title":"Kultur","date":"Mai 10, 2016","format":false,"excerpt":"Wir glauben, dass die Identit\u00e4t sowohl einer Gemeinschaft als auch einer Nation durch ihr Kulturerbe gepr\u00e4gt ist. Daher sind wir davon \u00fcberzeugt, dass jeder von uns etwas dazu beitragen kann unser kulturelles Erbe zu erhalten, um f\u00fcr die Zukunft ein reiches und mannigfaltiges Erbe zu hinterlassen. Aus diesem Grund haben\u2026","rel":"","context":"\u00c4hnlicher Beitrag","img":{"alt_text":"","src":"","width":0,"height":0},"classes":[]},{"id":3460,"url":"https:\/\/dev.fundatia-mvschmidt.org\/de\/postkarten-auf-den-spuren-der-siebenburger-sachsen\/","url_meta":{"origin":3445,"position":4},"title":"Postkarten &#8222;Auf den Spuren der Siebenb\u00fcrger-Sachsen&#8220;","date":"Oktober 3, 2016","format":false,"excerpt":"Diese 45 Postkarten aus der Fotokollektion \u201eAuf den Spuren der Siebenb\u00fcrger-Sachsen\u201c sind Teil eines umfangreichen Projektes, mit dem Ziel eine der wichtigsten Kulturen einer Bev\u00f6lkerungsminderheit aus Rum\u00e4nien (wieder) zu entdecken & ihrer vor \u00fcber 800 Jahren beginnenden Erz\u00e4hlung zu folgen. F\u00fcr die erste Postkartenserie haben wir das Haferland und die\u2026","rel":"","context":"\u00c4hnlicher Beitrag","img":{"alt_text":"","src":"https:\/\/i0.wp.com\/www.fundatia-michael-schmidt.org\/wp-content\/uploads\/2016\/10\/Carti-postale-212x300.png?resize=350%2C200","width":350,"height":200},"classes":[]},{"id":3458,"url":"https:\/\/dev.fundatia-mvschmidt.org\/de\/das-buch-deutsch-kreuz-geschichte-erzahlungen-und-leben-in-einem-siebenburgisch-sachsischen-dorf\/","url_meta":{"origin":3445,"position":5},"title":"Das Buch &#8222;Deutsch-Kreuz. Geschichte, Erz\u00e4hlungen und Leben in einem siebenb\u00fcrgisch-s\u00e4chsischen Dorf&#8220;\u00a0","date":"Oktober 3, 2016","format":false,"excerpt":"Das Buch von Ruxandra Hurezean \u201eDeutsch-Kreuz. Geschichte, Geschichten und Leben eines siebenb\u00fcrgisch-s\u00e4chsischen Dorfes\u201c, geschrieben im Stil eines Romans, mit einer sehr lebendigen und authentischen Schreibweise, beschreibt die Geschichte des Dorfes Deutsch-Kreuz, gesehen aus den Augen von Sofia Folberth, die mit ihren 94 Jahren die wohl \u00e4lteste Siebenb\u00fcrger-S\u00e4chsin in der Region\u2026","rel":"","context":"\u00c4hnlicher Beitrag","img":{"alt_text":"","src":"","width":0,"height":0},"classes":[]}],"_links":{"self":[{"href":"https:\/\/dev.fundatia-mvschmidt.org\/de\/wp-json\/wp\/v2\/pages\/3445"}],"collection":[{"href":"https:\/\/dev.fundatia-mvschmidt.org\/de\/wp-json\/wp\/v2\/pages"}],"about":[{"href":"https:\/\/dev.fundatia-mvschmidt.org\/de\/wp-json\/wp\/v2\/types\/page"}],"author":[{"embeddable":true,"href":"https:\/\/dev.fundatia-mvschmidt.org\/de\/wp-json\/wp\/v2\/users\/1"}],"replies":[{"embeddable":true,"href":"https:\/\/dev.fundatia-mvschmidt.org\/de\/wp-json\/wp\/v2\/comments?post=3445"}],"version-history":[{"count":2,"href":"https:\/\/dev.fundatia-mvschmidt.org\/de\/wp-json\/wp\/v2\/pages\/3445\/revisions"}],"predecessor-version":[{"id":3814,"href":"https:\/\/dev.fundatia-mvschmidt.org\/de\/wp-json\/wp\/v2\/pages\/3445\/revisions\/3814"}],"wp:featuredmedia":[{"embeddable":true,"href":"https:\/\/dev.fundatia-mvschmidt.org\/de\/wp-json\/wp\/v2\/media\/3582"}],"wp:attachment":[{"href":"https:\/\/dev.fundatia-mvschmidt.org\/de\/wp-json\/wp\/v2\/media?parent=3445"}],"curies":[{"name":"wp","href":"https:\/\/api.w.org\/{rel}","templated":true}]}}