{"id":3437,"date":"2016-05-10T09:05:15","date_gmt":"2016-05-10T09:05:15","guid":{"rendered":"https:\/\/dev.fundatia-mvschmidt.org\/stiftungsbeirat\/"},"modified":"2016-05-10T09:05:15","modified_gmt":"2016-05-10T09:05:15","slug":"stiftungsbeirat","status":"publish","type":"page","link":"https:\/\/dev.fundatia-mvschmidt.org\/de\/uber-uns\/stiftungsbeirat\/","title":{"rendered":"Stiftungsbeirat"},"content":{"rendered":"<p>Der Stiftungsbeirat besteht aus folgenden Mitgliedern:<\/p>\n<p><strong>Herr Michael Schmidt<\/strong> \u2013 <em>Gr\u00fcnder und Vorsitzender der Stiftung<\/em><br \/>\n<strong>Frau Veronica Schmidt<\/strong> &#8211; <em>Vizepr\u00e4sidentin der Stiftung<\/em><br \/>\n<strong>Herr Bischof a.D., Dr.D.h.c. Christoph Michael Klein<\/strong> \u2013 <em>Stiftungsbeirat<\/em><br \/>\n<strong>Herr Ra. Dr. Bernd Fabritius, MdB<\/strong> &#8211; <em>Stiftungsbeirat<\/em><br \/>\n<strong>Herr Dr. Josef Christoph Karl Pelikan\u00a0<\/strong>&#8211; <em>Stiftungsbeirat<\/em><\/p>\n<p>________________________________________________________________<\/p>\n<p><strong>Herr Bischof a.D., Dr.D.h.c. Christoph Michael Klein<\/strong><br \/>\nEhemaliger Bischof der Evangelischen Kirche A.B. in Rum\u00e4nien<\/p>\n<p><em>\u201eAls Vertreter der Kirchlichen Gemeinschaft wurde ich gefragt, ob ich in den Beirat beitreten m\u00f6chte und habe diese Einladung mit Freude angenommen. Durch meine Mitgliedschaft im Beirat m\u00f6chte ich meine langj\u00e4hrige Erfahrung im Bereich der Kirche einbringen. Dabei m\u00f6chte ich mich insbesondere f\u00fcr das Verst\u00e4ndnis der Ziele beider Einrichtungen einsetzen.\u201c<\/em><\/p>\n<p><strong>Herr. Ra. Dr. Bernd Fabritius, MdB<\/strong><br \/>\nBeauftragter der Bundesregierung f\u00fcr Aussiedlerfragen und nationale Minderheiten<\/p>\n<p><em>\u201eSoziales Engagement von Leistungstr\u00e4gern der Wirtschaft halte ich f\u00fcr sehr wichtig und aus dem Grund habe ich die Einladung angenommen, im Beirat der Stiftung aktiv zu sein. Die Ziele der Stiftung, sich f\u00fcr den Erhalt von Siebenb\u00fcrgisch-S\u00e4chsischem Kulturerbe und die Bildungsarbeit einzusetzen sind auch meine eigenen.\u201c<\/em><\/p>\n<p><strong>Herr Dr. Josef Christoph Karl Pelikan<\/strong><br \/>\nEhemaliger Leiter des Referates f\u00fcr Kultur, Bildungsfragen und Angelegenheiten der deutschen Minderheit der deutschen Botschaft Bukarest; Ehemaliger Berater (<em>rum: consilier<\/em>) in der Kanzlei des rum\u00e4nischen Premierministers; Gastprofessor an der TU Bukarest (Politehnica)<\/p>\n<p><em>\u201eAls ich gefragt wurde, ob ich im Stiftungsbeirat der Michael Schmidt Stiftung mitwirken m\u00f6chte, war dies keine Frage f\u00fcr mich und ich habe mit Freude zugesagt. Die F\u00f6rderung des deutschsprachigen Bildungswesens und der deutschen Minderheit in Rum\u00e4nien mit ihrem reichen Kulturerbe sind mir seit vielen Jahren sowohl ein berufliches wie seit Studentenzeiten auch ein pers\u00f6nliches Anliegen. Die deutsche Minderheit in Rum\u00e4nien blickt auf eine lange, beeindruckende und reiche Geschichte zur\u00fcck. Sie kann auf ein in seiner Heterogenit\u00e4t und in seinem Reichtum nahezu einzigartiges kulturelles Erbe verweisen, das auch heute noch eindrucksvoll aktiv ist. Daran mitzuwirken, dies zu unterst\u00fctzen und f\u00fcr die Zukunft mitzugestalten ist ein \u00e4u\u00dferst lohnenswertes und ehrenwertes Anliegen der Michael Schmidt Stiftung, dass ich sehr gerne nach Kr\u00e4ften unterst\u00fctzen m\u00f6chte.\u201c<\/em><\/p>\n","protected":false},"excerpt":{"rendered":"<p>Der Stiftungsbeirat besteht aus folgenden Mitgliedern: Herr Michael Schmidt \u2013 Gr\u00fcnder und Vorsitzender der Stiftung Frau Veronica Schmidt &#8211; Vizepr\u00e4sidentin der Stiftung Herr Bischof a.D., Dr.D.h.c. Christoph Michael Klein \u2013 Stiftungsbeirat Herr Ra. Dr. Bernd Fabritius, MdB &#8211; Stiftungsbeirat Herr Dr. Josef Christoph Karl Pelikan\u00a0&#8211; Stiftungsbeirat ________________________________________________________________ Herr Bischof a.D., Dr.D.h.c. Christoph Michael Klein Ehemaliger <a class=\"more-link\" href=\"https:\/\/dev.fundatia-mvschmidt.org\/de\/uber-uns\/stiftungsbeirat\/\">[&#8230;]<\/a><\/p>\n","protected":false},"author":1,"featured_media":0,"parent":3427,"menu_order":0,"comment_status":"closed","ping_status":"closed","template":"","meta":{"spay_email":""},"yoast_head":"<!-- This site is optimized with the Yoast SEO plugin v18.2 - https:\/\/yoast.com\/wordpress\/plugins\/seo\/ -->\n<title>Stiftungsbeirat | Fundatia M&amp;V Schmidt<\/title>\n<meta name=\"robots\" content=\"noindex, follow, max-snippet:-1, max-image-preview:large, max-video-preview:-1\" \/>\n<meta property=\"og:locale\" content=\"de_DE\" \/>\n<meta property=\"og:type\" content=\"article\" \/>\n<meta property=\"og:title\" content=\"Stiftungsbeirat | Fundatia M&amp;V Schmidt\" \/>\n<meta property=\"og:description\" content=\"Der Stiftungsbeirat besteht aus folgenden Mitgliedern: Herr Michael Schmidt \u2013 Gr\u00fcnder und Vorsitzender der Stiftung Frau Veronica Schmidt &#8211; Vizepr\u00e4sidentin der Stiftung Herr Bischof a.D., Dr.D.h.c. Christoph Michael Klein \u2013 Stiftungsbeirat Herr Ra. Dr. Bernd Fabritius, MdB &#8211; Stiftungsbeirat Herr Dr. Josef Christoph Karl Pelikan\u00a0&#8211; Stiftungsbeirat ________________________________________________________________ Herr Bischof a.D., Dr.D.h.c. Christoph Michael Klein Ehemaliger [...]\" \/>\n<meta property=\"og:url\" content=\"https:\/\/dev.fundatia-mvschmidt.org\/stiftungsbeirat\/?lang=de\" \/>\n<meta property=\"og:site_name\" content=\"Fundatia M&amp;V Schmidt\" \/>\n<meta name=\"twitter:card\" content=\"summary\" \/>\n<meta name=\"twitter:label1\" content=\"Gesch\u00e4tzte Lesezeit\" \/>\n\t<meta name=\"twitter:data1\" content=\"2\u00a0Minuten\" \/>\n<script type=\"application\/ld+json\" class=\"yoast-schema-graph\">{\"@context\":\"https:\/\/schema.org\",\"@graph\":[{\"@type\":\"WebSite\",\"@id\":\"https:\/\/dev.fundatia-mvschmidt.org\/#website\",\"url\":\"https:\/\/dev.fundatia-mvschmidt.org\/\",\"name\":\"Fundatia M&amp;V Schmidt\",\"description\":\"\",\"potentialAction\":[{\"@type\":\"SearchAction\",\"target\":{\"@type\":\"EntryPoint\",\"urlTemplate\":\"https:\/\/dev.fundatia-mvschmidt.org\/?s={search_term_string}\"},\"query-input\":\"required name=search_term_string\"}],\"inLanguage\":\"de\"},{\"@type\":\"WebPage\",\"@id\":\"https:\/\/dev.fundatia-mvschmidt.org\/stiftungsbeirat\/?lang=de#webpage\",\"url\":\"https:\/\/dev.fundatia-mvschmidt.org\/stiftungsbeirat\/?lang=de\",\"name\":\"Stiftungsbeirat | Fundatia M&amp;V Schmidt\",\"isPartOf\":{\"@id\":\"https:\/\/dev.fundatia-mvschmidt.org\/#website\"},\"datePublished\":\"2016-05-10T09:05:15+00:00\",\"dateModified\":\"2016-05-10T09:05:15+00:00\",\"breadcrumb\":{\"@id\":\"https:\/\/dev.fundatia-mvschmidt.org\/stiftungsbeirat\/?lang=de#breadcrumb\"},\"inLanguage\":\"de\",\"potentialAction\":[{\"@type\":\"ReadAction\",\"target\":[\"https:\/\/dev.fundatia-mvschmidt.org\/stiftungsbeirat\/?lang=de\"]}]},{\"@type\":\"BreadcrumbList\",\"@id\":\"https:\/\/dev.fundatia-mvschmidt.org\/stiftungsbeirat\/?lang=de#breadcrumb\",\"itemListElement\":[{\"@type\":\"ListItem\",\"position\":1,\"name\":\"Home\",\"item\":\"https:\/\/dev.fundatia-mvschmidt.org\/de\/\"},{\"@type\":\"ListItem\",\"position\":2,\"name\":\"\u00dcber uns\",\"item\":\"https:\/\/dev.fundatia-mvschmidt.org\/uber-uns\/?lang=de\"},{\"@type\":\"ListItem\",\"position\":3,\"name\":\"Stiftungsbeirat\"}]}]}<\/script>\n<!-- \/ Yoast SEO plugin. -->","yoast_head_json":{"title":"Stiftungsbeirat | Fundatia M&amp;V Schmidt","robots":{"index":"noindex","follow":"follow","max-snippet":"max-snippet:-1","max-image-preview":"max-image-preview:large","max-video-preview":"max-video-preview:-1"},"og_locale":"de_DE","og_type":"article","og_title":"Stiftungsbeirat | Fundatia M&amp;V Schmidt","og_description":"Der Stiftungsbeirat besteht aus folgenden Mitgliedern: Herr Michael Schmidt \u2013 Gr\u00fcnder und Vorsitzender der Stiftung Frau Veronica Schmidt &#8211; Vizepr\u00e4sidentin der Stiftung Herr Bischof a.D., Dr.D.h.c. Christoph Michael Klein \u2013 Stiftungsbeirat Herr Ra. Dr. Bernd Fabritius, MdB &#8211; Stiftungsbeirat Herr Dr. Josef Christoph Karl Pelikan\u00a0&#8211; Stiftungsbeirat ________________________________________________________________ Herr Bischof a.D., Dr.D.h.c. Christoph Michael Klein Ehemaliger [...]","og_url":"https:\/\/dev.fundatia-mvschmidt.org\/stiftungsbeirat\/?lang=de","og_site_name":"Fundatia M&amp;V Schmidt","twitter_card":"summary","twitter_misc":{"Gesch\u00e4tzte Lesezeit":"2\u00a0Minuten"},"schema":{"@context":"https:\/\/schema.org","@graph":[{"@type":"WebSite","@id":"https:\/\/dev.fundatia-mvschmidt.org\/#website","url":"https:\/\/dev.fundatia-mvschmidt.org\/","name":"Fundatia M&amp;V Schmidt","description":"","potentialAction":[{"@type":"SearchAction","target":{"@type":"EntryPoint","urlTemplate":"https:\/\/dev.fundatia-mvschmidt.org\/?s={search_term_string}"},"query-input":"required name=search_term_string"}],"inLanguage":"de"},{"@type":"WebPage","@id":"https:\/\/dev.fundatia-mvschmidt.org\/stiftungsbeirat\/?lang=de#webpage","url":"https:\/\/dev.fundatia-mvschmidt.org\/stiftungsbeirat\/?lang=de","name":"Stiftungsbeirat | Fundatia M&amp;V Schmidt","isPartOf":{"@id":"https:\/\/dev.fundatia-mvschmidt.org\/#website"},"datePublished":"2016-05-10T09:05:15+00:00","dateModified":"2016-05-10T09:05:15+00:00","breadcrumb":{"@id":"https:\/\/dev.fundatia-mvschmidt.org\/stiftungsbeirat\/?lang=de#breadcrumb"},"inLanguage":"de","potentialAction":[{"@type":"ReadAction","target":["https:\/\/dev.fundatia-mvschmidt.org\/stiftungsbeirat\/?lang=de"]}]},{"@type":"BreadcrumbList","@id":"https:\/\/dev.fundatia-mvschmidt.org\/stiftungsbeirat\/?lang=de#breadcrumb","itemListElement":[{"@type":"ListItem","position":1,"name":"Home","item":"https:\/\/dev.fundatia-mvschmidt.org\/de\/"},{"@type":"ListItem","position":2,"name":"\u00dcber uns","item":"https:\/\/dev.fundatia-mvschmidt.org\/uber-uns\/?lang=de"},{"@type":"ListItem","position":3,"name":"Stiftungsbeirat"}]}]}},"jetpack_sharing_enabled":true,"jetpack_shortlink":"https:\/\/wp.me\/P7wrmh-Tr","jetpack-related-posts":[{"id":3460,"url":"https:\/\/dev.fundatia-mvschmidt.org\/de\/postkarten-auf-den-spuren-der-siebenburger-sachsen\/","url_meta":{"origin":3437,"position":0},"title":"Postkarten &#8222;Auf den Spuren der Siebenb\u00fcrger-Sachsen&#8220;","date":"Oktober 3, 2016","format":false,"excerpt":"Diese 45 Postkarten aus der Fotokollektion \u201eAuf den Spuren der Siebenb\u00fcrger-Sachsen\u201c sind Teil eines umfangreichen Projektes, mit dem Ziel eine der wichtigsten Kulturen einer Bev\u00f6lkerungsminderheit aus Rum\u00e4nien (wieder) zu entdecken & ihrer vor \u00fcber 800 Jahren beginnenden Erz\u00e4hlung zu folgen. F\u00fcr die erste Postkartenserie haben wir das Haferland und die\u2026","rel":"","context":"\u00c4hnlicher Beitrag","img":{"alt_text":"","src":"https:\/\/i0.wp.com\/www.fundatia-michael-schmidt.org\/wp-content\/uploads\/2016\/10\/Carti-postale-212x300.png?resize=350%2C200","width":350,"height":200},"classes":[]},{"id":3458,"url":"https:\/\/dev.fundatia-mvschmidt.org\/de\/das-buch-deutsch-kreuz-geschichte-erzahlungen-und-leben-in-einem-siebenburgisch-sachsischen-dorf\/","url_meta":{"origin":3437,"position":1},"title":"Das Buch &#8222;Deutsch-Kreuz. Geschichte, Erz\u00e4hlungen und Leben in einem siebenb\u00fcrgisch-s\u00e4chsischen Dorf&#8220;\u00a0","date":"Oktober 3, 2016","format":false,"excerpt":"Das Buch von Ruxandra Hurezean \u201eDeutsch-Kreuz. Geschichte, Geschichten und Leben eines siebenb\u00fcrgisch-s\u00e4chsischen Dorfes\u201c, geschrieben im Stil eines Romans, mit einer sehr lebendigen und authentischen Schreibweise, beschreibt die Geschichte des Dorfes Deutsch-Kreuz, gesehen aus den Augen von Sofia Folberth, die mit ihren 94 Jahren die wohl \u00e4lteste Siebenb\u00fcrger-S\u00e4chsin in der Region\u2026","rel":"","context":"\u00c4hnlicher Beitrag","img":{"alt_text":"","src":"","width":0,"height":0},"classes":[]},{"id":3464,"url":"https:\/\/dev.fundatia-mvschmidt.org\/de\/das-buch-die-geschichte-der-siebenburger-sachsen-von-ihnen-selbst-erzahlt\/","url_meta":{"origin":3437,"position":2},"title":"Das Buch \u201cDie Geschichte der Siebenb\u00fcrger-Sachsen. Von ihnen selbst erz\u00e4hlt\u201d","date":"Dezember 9, 2016","format":false,"excerpt":"Das Buch \u201cDie Geschichte der Siebenb\u00fcrger-Sachsen. Von ihnen selbst erz\u00e4hlt\u201d von Ruxandra Hurezean, enth\u00e4lt die Lebensgeschichten von 12 Siebenb\u00fcrger-Sachsen, die nach dem Kommunismus in Rum\u00e4nien geblieben, beziehungsweise nach Rum\u00e4nien zur\u00fcckgekehrt sind. Die Geschichten sind \u201evon ihnen selbst erz\u00e4hlt\u201c, weil es sich um Reportagen handelt, die durch journalistische Mittel \u00fcber mehrere\u2026","rel":"","context":"\u00c4hnlicher Beitrag","img":{"alt_text":"","src":"","width":0,"height":0},"classes":[]},{"id":3447,"url":"https:\/\/dev.fundatia-mvschmidt.org\/de\/wiederherstellung-der-orgel\/","url_meta":{"origin":3437,"position":3},"title":"Wiederherstellung der Orgel","date":"Juni 6, 2016","format":false,"excerpt":"","rel":"","context":"\u00c4hnlicher Beitrag","img":{"alt_text":"","src":"","width":0,"height":0},"classes":[]},{"id":3466,"url":"https:\/\/dev.fundatia-mvschmidt.org\/de\/spenden\/","url_meta":{"origin":3437,"position":4},"title":"Spenden","date":"Januar 31, 2017","format":false,"excerpt":"Seit \u00fcber sechs Jahren arbeiten wir daran, das Kulturgut der Siebenb\u00fcrger-Sachsen in Rum\u00e4nien zu erhalten, sowie das wertvolle Kulturerbe dieser Gemeinschaft zu f\u00f6rdern. Wir sind stolz auf das was wir erreicht haben, aber es gibt noch viel zu tun. Ihre Spende hilft uns dabei, siebenb\u00fcrgisch-s\u00e4chsische H\u00e4user zu restaurieren, Kinder aus\u2026","rel":"","context":"\u00c4hnlicher Beitrag","img":{"alt_text":"","src":"","width":0,"height":0},"classes":[]},{"id":3427,"url":"https:\/\/dev.fundatia-mvschmidt.org\/de\/uber-uns\/","url_meta":{"origin":3437,"position":5},"title":"\u00dcber uns","date":"Mai 9, 2016","format":false,"excerpt":"Wenn Sie hier auf unserer Seite angekommen sind, bedeutet es, dass Sie sich einbringen m\u00f6chten, genauso wie wir. Bevor wir Ihnen zeigen, wie Sie dies tun k\u00f6nnen, m\u00f6chten wir Ihnen einige Informationen \u00fcber unsere Stiftung geben: Die Michael Schmidt Stiftung ist eine Non-Profit Organisation, die im Jahr 2010 von Michael\u2026","rel":"","context":"\u00c4hnlicher Beitrag","img":{"alt_text":"","src":"","width":0,"height":0},"classes":[]}],"_links":{"self":[{"href":"https:\/\/dev.fundatia-mvschmidt.org\/de\/wp-json\/wp\/v2\/pages\/3437"}],"collection":[{"href":"https:\/\/dev.fundatia-mvschmidt.org\/de\/wp-json\/wp\/v2\/pages"}],"about":[{"href":"https:\/\/dev.fundatia-mvschmidt.org\/de\/wp-json\/wp\/v2\/types\/page"}],"author":[{"embeddable":true,"href":"https:\/\/dev.fundatia-mvschmidt.org\/de\/wp-json\/wp\/v2\/users\/1"}],"replies":[{"embeddable":true,"href":"https:\/\/dev.fundatia-mvschmidt.org\/de\/wp-json\/wp\/v2\/comments?post=3437"}],"version-history":[{"count":0,"href":"https:\/\/dev.fundatia-mvschmidt.org\/de\/wp-json\/wp\/v2\/pages\/3437\/revisions"}],"up":[{"embeddable":true,"href":"https:\/\/dev.fundatia-mvschmidt.org\/de\/wp-json\/wp\/v2\/pages\/3427"}],"wp:attachment":[{"href":"https:\/\/dev.fundatia-mvschmidt.org\/de\/wp-json\/wp\/v2\/media?parent=3437"}],"curies":[{"name":"wp","href":"https:\/\/api.w.org\/{rel}","templated":true}]}}