{"id":3435,"date":"2016-05-10T09:02:53","date_gmt":"2016-05-10T09:02:53","guid":{"rendered":"https:\/\/dev.fundatia-mvschmidt.org\/die-geschichte-der-stiftung\/"},"modified":"2016-05-10T09:02:53","modified_gmt":"2016-05-10T09:02:53","slug":"die-geschichte-der-stiftung","status":"publish","type":"page","link":"https:\/\/dev.fundatia-mvschmidt.org\/de\/uber-uns\/die-geschichte-der-stiftung\/","title":{"rendered":"Die Geschichte der Stiftung"},"content":{"rendered":"<p>Die Michael Schmidt Stiftung ist eine Non-Profit Organisation, die im Jahr 2010 von Michael Schmidt, dem Inhaber der Automobile Bavaria Group gegr\u00fcndet wurde und welche sich zum Ziel gesetzt hat, die siebenb\u00fcrgisch-s\u00e4chsische Kultur zu erhalten. Des Weiteren unterst\u00fctzt die Michael Schmidt Stiftung Projekte, die das Bildungswesen in deutscher Sprache f\u00f6rdern sowie humanit\u00e4re Ziele in Rum\u00e4nien verfolgen.<\/p>\n<p>Wie alles begann? Michael Schmidt, geboren in Deutsch-Kreuz (rum: Cri\u021b) kehrte nach \u00fcber 20 Jahren in seiner Heimat zur\u00fcck, fest entschlossen den Erhalt des siebenb\u00fcrgisch-s\u00e4chsischen Kulturguts aktiv und tatkr\u00e4ftig zu unterst\u00fctzen, um auch anderen Generationen das mannigfaltige Erbe der Siebenb\u00fcrger Sachsen zug\u00e4nglich zu machen. <\/p>\n<p>Nach langj\u00e4hriger Unterst\u00fctzung diverser Projekte der siebenb\u00fcrgisch-s\u00e4chsischen Gemeinschaft erkannte Michael Schmidt, dass es einer langfristigen Strategie und einem konsequenten Engagement bed\u00fcrfe, um eine wirkliche Ver\u00e4nderung in der Region zu erzielen. Die Idee der Stiftungsgr\u00fcndung entstand aus dem Gedanken alle zuk\u00fcnftigen Projekte auf einem soliden Fundament aufzubauen, welches die drei Entwicklungsbereiche der Region wie Tourismus, Bildung und Kultur vereint.<br \/>\nVon der Idee bis zur Umsetzung der ersten Projekte war es nicht mehr weit und die Ergebnisse haben auch nicht lange auf sich warten lassen. Wir sind sehr stolz auf die Restauration der Orgel in der evangelischen Kirche des Dorfes Deutsch-Kreuz, der originaltreue Wiederaufbau des Pfarrhauses im selben Ort sowie darauf die bedeutendste Veranstaltung der Region organisieren zu d\u00fcrfen \u2013 die Haferland Kulturwoche.  <\/p>\n<p>Die Erfolgsgeschichte des Siebenb\u00fcrger-Sachse Michael Schmidt beginnt schon 1994 mit der Gr\u00fcndung seiner Firma &#8222;Automobile Bavaria&#8220; in Bukarest. Er arbeitete sich als einziger BMW-Importeur in Rum\u00e4nien mit viel Risikobereitschaft und Engagement empor. Heute leitet er eine der gr\u00f6\u00dften Firmengruppen f\u00fcr den Automobilvertrieb und Service in Zentral- und S\u00fcdosteuropa. Dar\u00fcber hinaus engagiert sich der Landsmann tatkr\u00e4ftig bis heute im Verband der Siebenb\u00fcrger Sachsen in Deutschland e.V. wie auch bei der Saxonia-Stiftung in Siebenb\u00fcrgen.<\/p>\n<p>Michael Horst Schmidt wurde am 20. Juli 1960 in Deutsch-Kreuz in Siebenb\u00fcrgen als Sohn des Lkw-Fahrers Michael Schmidt und seiner Frau Anna geboren. Zusammen mit seinen Eltern und Geschwistern siedelten sie 1981 nach Deutschland aus. 1983 begann er sein Studium f\u00fcr Informatik an der Technischen Universit\u00e4t M\u00fcnchen, trat dem Verband der Siebenb\u00fcrger Sachsen in Deutschland e.V. bei und engagierte sich intensiv in der siebenb\u00fcrgisch-s\u00e4chsischen Jugendarbeit der Kreisgruppe M\u00fcnchen. 1988 wurde er zum Vorsitzenden der Kreisgruppe M\u00fcnchen gew\u00e4hlt, ein Amt, das er mit sehr viel Erfolg und Passion bis 1992 f\u00fchrte. <\/p>\n<p>Nach abgeschlossenem Studium und als Angestellter der Firma Siemens in M\u00fcnchen, lie\u00df er sich 1990 beurlauben und ging als Mitarbeiter des Sozialwerks der Siebenb\u00fcrger Sachsen zur\u00fcck nach Siebenb\u00fcrgen, um Hilfsaktionen des Sozialwerks vor Ort zu koordinieren. Hier organisierte er auch die Gr\u00fcndung und den logistischen Aufbau der Saxonia-Stiftung als k\u00fcnftige Partnerorganisation des Sozialwerks, zur Durchf\u00fchrung der sozialen Hilfen f\u00fcr die noch in Siebenb\u00fcrgen lebenden bed\u00fcrftigen Landsleute. <\/p>\n<p>W\u00e4hrend all dieser T\u00e4tigkeiten nutzte Michael Schmidt auch die Chance, eine eigene wirtschaftliche Existenz in Rum\u00e4nien aufzubauen. Hier beginnt nun die Erfolgsgeschichte eines urst\u00e4ndigen Siebenb\u00fcrger Sachsen, der 1994 die Firma &#8222;Automobile Bavaria&#8220; als Ableger seiner ersten deutsch-rum\u00e4nischen Handelsgesellschaft &#8222;Contempo&#8220; gr\u00fcndet. Ausdauer, Risikobereitschaft und M\u00fche sind nur einige Merkmale, die er in diese Arbeit einbringen musste. <\/p>\n<p>Heute vertreibt Michael Schmidt in Rum\u00e4nien zwei der wichtigsten Automobilmarken, BMW und MAN, die sich weit vorn im jeweiligen Konkurrenzumfeld von Osteuropa befinden. Mit seinen vielen Zweigbetrieben in Rum\u00e4nien, sei es in Kronstadt, Hermannstadt, Klausenburg oder andernorts, bietet er fast 1 000 Menschen einen gesicherten Arbeitsplatz. Diesen Erfolg setzt er nun seit 2006 auch in Deutschland fort. Mit der Er\u00f6ffnung des &#8222;Autohaus Michael Schmidt&#8220; in Starnberg, Wolfratshausen, Germering und in Bad T\u00f6lz schuf sich der Unternehmer ein weiteres wichtiges Standbein. Kurz darauf kam auch die Edelmarke Rolls-Royce dazu, f\u00fcr die Michael Schmidt einen Showroom in M\u00fcnchen einrichten lie\u00df, mit einer Servicewerkstatt in Baierbrunn.<br \/>\nTrotz seiner \u00fcberaus erfolgreichen wirtschaftlichen Entwicklung ist Michael Schmidt noch immer ein &#8222;Deutsch-Kreuzer Siebenb\u00fcrger Sachse&#8220; geblieben. Er f\u00fchlt sich seiner Herkunft, seiner Familie, seinen Freunden und vor allem dem Verband der Siebenb\u00fcrger Sachsen in Deutschland immer noch stark verbunden. <\/p>\n<p>Diese Verbundenheit zu seinen Landsleuten spiegelt sich vor allem in seinen Hilfsleistungen und Spenden an siebenb\u00fcrgische Einrichtungen wider, die Jugendarbeit, aber auch in der Teilnahme an sozialen Projekten in Siebenb\u00fcrgen, wie z.B. der &#8222;Peter Maffay Stiftung&#8220;.<\/p>\n","protected":false},"excerpt":{"rendered":"<p>Die Michael Schmidt Stiftung ist eine Non-Profit Organisation, die im Jahr 2010 von Michael Schmidt, dem Inhaber der Automobile Bavaria Group gegr\u00fcndet wurde und welche sich zum Ziel gesetzt hat, die siebenb\u00fcrgisch-s\u00e4chsische Kultur zu erhalten. Des Weiteren unterst\u00fctzt die Michael Schmidt Stiftung Projekte, die das Bildungswesen in deutscher Sprache f\u00f6rdern sowie humanit\u00e4re Ziele in Rum\u00e4nien <a class=\"more-link\" href=\"https:\/\/dev.fundatia-mvschmidt.org\/de\/uber-uns\/die-geschichte-der-stiftung\/\">[&#8230;]<\/a><\/p>\n","protected":false},"author":1,"featured_media":0,"parent":3427,"menu_order":0,"comment_status":"closed","ping_status":"closed","template":"","meta":{"spay_email":""},"yoast_head":"<!-- This site is optimized with the Yoast SEO plugin v18.2 - https:\/\/yoast.com\/wordpress\/plugins\/seo\/ -->\n<title>Die Geschichte der Stiftung | Fundatia M&amp;V Schmidt<\/title>\n<meta name=\"robots\" content=\"noindex, follow, max-snippet:-1, max-image-preview:large, max-video-preview:-1\" \/>\n<meta property=\"og:locale\" content=\"de_DE\" \/>\n<meta property=\"og:type\" content=\"article\" \/>\n<meta property=\"og:title\" content=\"Die Geschichte der Stiftung | Fundatia M&amp;V Schmidt\" \/>\n<meta property=\"og:description\" content=\"Die Michael Schmidt Stiftung ist eine Non-Profit Organisation, die im Jahr 2010 von Michael Schmidt, dem Inhaber der Automobile Bavaria Group gegr\u00fcndet wurde und welche sich zum Ziel gesetzt hat, die siebenb\u00fcrgisch-s\u00e4chsische Kultur zu erhalten. Des Weiteren unterst\u00fctzt die Michael Schmidt Stiftung Projekte, die das Bildungswesen in deutscher Sprache f\u00f6rdern sowie humanit\u00e4re Ziele in Rum\u00e4nien [...]\" \/>\n<meta property=\"og:url\" content=\"https:\/\/dev.fundatia-mvschmidt.org\/die-geschichte-der-stiftung\/?lang=de\" \/>\n<meta property=\"og:site_name\" content=\"Fundatia M&amp;V Schmidt\" \/>\n<meta name=\"twitter:card\" content=\"summary\" \/>\n<meta name=\"twitter:label1\" content=\"Gesch\u00e4tzte Lesezeit\" \/>\n\t<meta name=\"twitter:data1\" content=\"4\u00a0Minuten\" \/>\n<script type=\"application\/ld+json\" class=\"yoast-schema-graph\">{\"@context\":\"https:\/\/schema.org\",\"@graph\":[{\"@type\":\"WebSite\",\"@id\":\"https:\/\/dev.fundatia-mvschmidt.org\/#website\",\"url\":\"https:\/\/dev.fundatia-mvschmidt.org\/\",\"name\":\"Fundatia M&amp;V Schmidt\",\"description\":\"\",\"potentialAction\":[{\"@type\":\"SearchAction\",\"target\":{\"@type\":\"EntryPoint\",\"urlTemplate\":\"https:\/\/dev.fundatia-mvschmidt.org\/?s={search_term_string}\"},\"query-input\":\"required name=search_term_string\"}],\"inLanguage\":\"de\"},{\"@type\":\"WebPage\",\"@id\":\"https:\/\/dev.fundatia-mvschmidt.org\/die-geschichte-der-stiftung\/?lang=de#webpage\",\"url\":\"https:\/\/dev.fundatia-mvschmidt.org\/die-geschichte-der-stiftung\/?lang=de\",\"name\":\"Die Geschichte der Stiftung | Fundatia M&amp;V Schmidt\",\"isPartOf\":{\"@id\":\"https:\/\/dev.fundatia-mvschmidt.org\/#website\"},\"datePublished\":\"2016-05-10T09:02:53+00:00\",\"dateModified\":\"2016-05-10T09:02:53+00:00\",\"breadcrumb\":{\"@id\":\"https:\/\/dev.fundatia-mvschmidt.org\/die-geschichte-der-stiftung\/?lang=de#breadcrumb\"},\"inLanguage\":\"de\",\"potentialAction\":[{\"@type\":\"ReadAction\",\"target\":[\"https:\/\/dev.fundatia-mvschmidt.org\/die-geschichte-der-stiftung\/?lang=de\"]}]},{\"@type\":\"BreadcrumbList\",\"@id\":\"https:\/\/dev.fundatia-mvschmidt.org\/die-geschichte-der-stiftung\/?lang=de#breadcrumb\",\"itemListElement\":[{\"@type\":\"ListItem\",\"position\":1,\"name\":\"Home\",\"item\":\"https:\/\/dev.fundatia-mvschmidt.org\/de\/\"},{\"@type\":\"ListItem\",\"position\":2,\"name\":\"\u00dcber uns\",\"item\":\"https:\/\/dev.fundatia-mvschmidt.org\/uber-uns\/?lang=de\"},{\"@type\":\"ListItem\",\"position\":3,\"name\":\"Die Geschichte der Stiftung\"}]}]}<\/script>\n<!-- \/ Yoast SEO plugin. -->","yoast_head_json":{"title":"Die Geschichte der Stiftung | Fundatia M&amp;V Schmidt","robots":{"index":"noindex","follow":"follow","max-snippet":"max-snippet:-1","max-image-preview":"max-image-preview:large","max-video-preview":"max-video-preview:-1"},"og_locale":"de_DE","og_type":"article","og_title":"Die Geschichte der Stiftung | Fundatia M&amp;V Schmidt","og_description":"Die Michael Schmidt Stiftung ist eine Non-Profit Organisation, die im Jahr 2010 von Michael Schmidt, dem Inhaber der Automobile Bavaria Group gegr\u00fcndet wurde und welche sich zum Ziel gesetzt hat, die siebenb\u00fcrgisch-s\u00e4chsische Kultur zu erhalten. Des Weiteren unterst\u00fctzt die Michael Schmidt Stiftung Projekte, die das Bildungswesen in deutscher Sprache f\u00f6rdern sowie humanit\u00e4re Ziele in Rum\u00e4nien [...]","og_url":"https:\/\/dev.fundatia-mvschmidt.org\/die-geschichte-der-stiftung\/?lang=de","og_site_name":"Fundatia M&amp;V Schmidt","twitter_card":"summary","twitter_misc":{"Gesch\u00e4tzte Lesezeit":"4\u00a0Minuten"},"schema":{"@context":"https:\/\/schema.org","@graph":[{"@type":"WebSite","@id":"https:\/\/dev.fundatia-mvschmidt.org\/#website","url":"https:\/\/dev.fundatia-mvschmidt.org\/","name":"Fundatia M&amp;V Schmidt","description":"","potentialAction":[{"@type":"SearchAction","target":{"@type":"EntryPoint","urlTemplate":"https:\/\/dev.fundatia-mvschmidt.org\/?s={search_term_string}"},"query-input":"required name=search_term_string"}],"inLanguage":"de"},{"@type":"WebPage","@id":"https:\/\/dev.fundatia-mvschmidt.org\/die-geschichte-der-stiftung\/?lang=de#webpage","url":"https:\/\/dev.fundatia-mvschmidt.org\/die-geschichte-der-stiftung\/?lang=de","name":"Die Geschichte der Stiftung | Fundatia M&amp;V Schmidt","isPartOf":{"@id":"https:\/\/dev.fundatia-mvschmidt.org\/#website"},"datePublished":"2016-05-10T09:02:53+00:00","dateModified":"2016-05-10T09:02:53+00:00","breadcrumb":{"@id":"https:\/\/dev.fundatia-mvschmidt.org\/die-geschichte-der-stiftung\/?lang=de#breadcrumb"},"inLanguage":"de","potentialAction":[{"@type":"ReadAction","target":["https:\/\/dev.fundatia-mvschmidt.org\/die-geschichte-der-stiftung\/?lang=de"]}]},{"@type":"BreadcrumbList","@id":"https:\/\/dev.fundatia-mvschmidt.org\/die-geschichte-der-stiftung\/?lang=de#breadcrumb","itemListElement":[{"@type":"ListItem","position":1,"name":"Home","item":"https:\/\/dev.fundatia-mvschmidt.org\/de\/"},{"@type":"ListItem","position":2,"name":"\u00dcber uns","item":"https:\/\/dev.fundatia-mvschmidt.org\/uber-uns\/?lang=de"},{"@type":"ListItem","position":3,"name":"Die Geschichte der Stiftung"}]}]}},"jetpack_sharing_enabled":true,"jetpack_shortlink":"https:\/\/wp.me\/P7wrmh-Tp","jetpack-related-posts":[{"id":3427,"url":"https:\/\/dev.fundatia-mvschmidt.org\/de\/uber-uns\/","url_meta":{"origin":3435,"position":0},"title":"\u00dcber uns","date":"Mai 9, 2016","format":false,"excerpt":"Wenn Sie hier auf unserer Seite angekommen sind, bedeutet es, dass Sie sich einbringen m\u00f6chten, genauso wie wir. Bevor wir Ihnen zeigen, wie Sie dies tun k\u00f6nnen, m\u00f6chten wir Ihnen einige Informationen \u00fcber unsere Stiftung geben: Die Michael Schmidt Stiftung ist eine Non-Profit Organisation, die im Jahr 2010 von Michael\u2026","rel":"","context":"\u00c4hnlicher Beitrag","img":{"alt_text":"","src":"","width":0,"height":0},"classes":[]},{"id":3466,"url":"https:\/\/dev.fundatia-mvschmidt.org\/de\/spenden\/","url_meta":{"origin":3435,"position":1},"title":"Spenden","date":"Januar 31, 2017","format":false,"excerpt":"Seit \u00fcber sechs Jahren arbeiten wir daran, das Kulturgut der Siebenb\u00fcrger-Sachsen in Rum\u00e4nien zu erhalten, sowie das wertvolle Kulturerbe dieser Gemeinschaft zu f\u00f6rdern. Wir sind stolz auf das was wir erreicht haben, aber es gibt noch viel zu tun. Ihre Spende hilft uns dabei, siebenb\u00fcrgisch-s\u00e4chsische H\u00e4user zu restaurieren, Kinder aus\u2026","rel":"","context":"\u00c4hnlicher Beitrag","img":{"alt_text":"","src":"","width":0,"height":0},"classes":[]},{"id":3458,"url":"https:\/\/dev.fundatia-mvschmidt.org\/de\/das-buch-deutsch-kreuz-geschichte-erzahlungen-und-leben-in-einem-siebenburgisch-sachsischen-dorf\/","url_meta":{"origin":3435,"position":2},"title":"Das Buch &#8222;Deutsch-Kreuz. Geschichte, Erz\u00e4hlungen und Leben in einem siebenb\u00fcrgisch-s\u00e4chsischen Dorf&#8220;\u00a0","date":"Oktober 3, 2016","format":false,"excerpt":"Das Buch von Ruxandra Hurezean \u201eDeutsch-Kreuz. Geschichte, Geschichten und Leben eines siebenb\u00fcrgisch-s\u00e4chsischen Dorfes\u201c, geschrieben im Stil eines Romans, mit einer sehr lebendigen und authentischen Schreibweise, beschreibt die Geschichte des Dorfes Deutsch-Kreuz, gesehen aus den Augen von Sofia Folberth, die mit ihren 94 Jahren die wohl \u00e4lteste Siebenb\u00fcrger-S\u00e4chsin in der Region\u2026","rel":"","context":"\u00c4hnlicher Beitrag","img":{"alt_text":"","src":"","width":0,"height":0},"classes":[]},{"id":3429,"url":"https:\/\/dev.fundatia-mvschmidt.org\/de\/was-wir-bis-jetzt-erreicht-haben\/","url_meta":{"origin":3435,"position":3},"title":"Was wir bis jetzt erreicht haben","date":"Mai 9, 2016","format":false,"excerpt":"Von Anfang an hatten wir das Ziel, Projekte zu f\u00f6rdern, die das kulturelle Erbe der Siebenb\u00fcrger Sachsen f\u00fcr zuk\u00fcnftige Generationen bewahren. Dies waren beispielsweise Ma\u00dfnahmen zur Restaurierung und Instandhaltung von Kirchenburgen, die originalgetreue Rekonstruktion eines s\u00e4chsischen Pfarrhauses sowie die Restaurierung typisch siebenb\u00fcrgisch-s\u00e4chsischer H\u00e4user im Haferland. Au\u00dferdem wussten wir, dass es\u2026","rel":"","context":"\u00c4hnlicher Beitrag","img":{"alt_text":"","src":"https:\/\/i0.wp.com\/dev.fundatia-mvschmidt.org\/wp-content\/uploads\/2016\/05\/modificata.jpg?resize=350%2C200&ssl=1","width":350,"height":200},"classes":[]},{"id":3431,"url":"https:\/\/dev.fundatia-mvschmidt.org\/de\/beteiligen-sie-sich-an-unseren-projekten\/","url_meta":{"origin":3435,"position":4},"title":"Beteiligen Sie sich an unseren Projekten!","date":"Mai 9, 2016","format":false,"excerpt":"Seit \u00fcber sechs Jahren arbeiten wir nun schon mit ganzem Herzen daran, das Kulturgut der Siebenb\u00fcrger Sachsen wieder zu beleben und f\u00fcr zuk\u00fcnftige Generationen zu erhalten. Schlie\u00dfen Sie sich uns an, denn Ihr Beitrag unterst\u00fctzt uns bei unserem Vorhaben, die siebenb\u00fcrgisch-s\u00e4chsischen D\u00f6rfer wieder in ihren urspr\u00fcnglichen Zustand zu versetzen. Der\u2026","rel":"","context":"\u00c4hnlicher Beitrag","img":{"alt_text":"","src":"https:\/\/i0.wp.com\/dev.fundatia-mvschmidt.org\/wp-content\/uploads\/2021\/06\/Haferland-Crit-27-07-2020-5.jpg?resize=350%2C200&ssl=1","width":350,"height":200},"classes":[]},{"id":3460,"url":"https:\/\/dev.fundatia-mvschmidt.org\/de\/postkarten-auf-den-spuren-der-siebenburger-sachsen\/","url_meta":{"origin":3435,"position":5},"title":"Postkarten &#8222;Auf den Spuren der Siebenb\u00fcrger-Sachsen&#8220;","date":"Oktober 3, 2016","format":false,"excerpt":"Diese 45 Postkarten aus der Fotokollektion \u201eAuf den Spuren der Siebenb\u00fcrger-Sachsen\u201c sind Teil eines umfangreichen Projektes, mit dem Ziel eine der wichtigsten Kulturen einer Bev\u00f6lkerungsminderheit aus Rum\u00e4nien (wieder) zu entdecken & ihrer vor \u00fcber 800 Jahren beginnenden Erz\u00e4hlung zu folgen. F\u00fcr die erste Postkartenserie haben wir das Haferland und die\u2026","rel":"","context":"\u00c4hnlicher Beitrag","img":{"alt_text":"","src":"https:\/\/i0.wp.com\/www.fundatia-michael-schmidt.org\/wp-content\/uploads\/2016\/10\/Carti-postale-212x300.png?resize=350%2C200","width":350,"height":200},"classes":[]}],"_links":{"self":[{"href":"https:\/\/dev.fundatia-mvschmidt.org\/de\/wp-json\/wp\/v2\/pages\/3435"}],"collection":[{"href":"https:\/\/dev.fundatia-mvschmidt.org\/de\/wp-json\/wp\/v2\/pages"}],"about":[{"href":"https:\/\/dev.fundatia-mvschmidt.org\/de\/wp-json\/wp\/v2\/types\/page"}],"author":[{"embeddable":true,"href":"https:\/\/dev.fundatia-mvschmidt.org\/de\/wp-json\/wp\/v2\/users\/1"}],"replies":[{"embeddable":true,"href":"https:\/\/dev.fundatia-mvschmidt.org\/de\/wp-json\/wp\/v2\/comments?post=3435"}],"version-history":[{"count":0,"href":"https:\/\/dev.fundatia-mvschmidt.org\/de\/wp-json\/wp\/v2\/pages\/3435\/revisions"}],"up":[{"embeddable":true,"href":"https:\/\/dev.fundatia-mvschmidt.org\/de\/wp-json\/wp\/v2\/pages\/3427"}],"wp:attachment":[{"href":"https:\/\/dev.fundatia-mvschmidt.org\/de\/wp-json\/wp\/v2\/media?parent=3435"}],"curies":[{"name":"wp","href":"https:\/\/api.w.org\/{rel}","templated":true}]}}