{"id":3427,"date":"2016-05-09T11:04:14","date_gmt":"2016-05-09T11:04:14","guid":{"rendered":"https:\/\/dev.fundatia-mvschmidt.org\/uber-uns\/"},"modified":"2016-05-09T11:04:14","modified_gmt":"2016-05-09T11:04:14","slug":"uber-uns","status":"publish","type":"page","link":"https:\/\/dev.fundatia-mvschmidt.org\/de\/uber-uns\/","title":{"rendered":"\u00dcber uns"},"content":{"rendered":"<p>Wenn Sie hier auf unserer Seite angekommen sind, bedeutet es, dass Sie sich einbringen m\u00f6chten, genauso wie wir. Bevor wir Ihnen zeigen, wie Sie dies tun k\u00f6nnen, m\u00f6chten wir Ihnen einige Informationen \u00fcber unsere Stiftung geben: <\/p>\n<p>Die Michael Schmidt Stiftung ist eine Non-Profit Organisation, die im Jahr 2010 von Michael Schmidt, dem Inhaber der Automobile Bavaria Group gegr\u00fcndet wurde und welche sich zum Ziel gesetzt hat, die siebenb\u00fcrgisch-s\u00e4chsische Kultur in Rum\u00e4nien zu erhalten. <\/p>\n<p>Des Weiteren unterst\u00fctzt die Michael Schmidt Stiftung Projekte, die das deutschsprachige Bildungswesen in Rum\u00e4nien f\u00f6rdern. Auch kulturelle und humanit\u00e4re Projekte werden mit Priorit\u00e4t unterst\u00fctzt und wir konnten in den letzten Jahren schon dutzende solcher Projekte verwirklichen, \u00fcber die Sie hier mehr erfahren k\u00f6nnen.  <\/p>\n<p>Wir sind sehr stolz, dass wir gemeinsam mit anderen Stiftungen aus der Region, die \u00e4hnliche Interessen verfolgen, die Haferland Kulturwoche ins Leben rufen konnten. Diese hat sich zum Ziel gesetzt, das Kulturgut der Siebenb\u00fcrger Sachsen zu f\u00f6rdern und bei internationalen und rum\u00e4nischen Touristen bekannt zu machen. Die Veranstaltung findet jedes Jahr im August statt und zieht tausende Besucher an. Die daraus resultierenden Einnahmen gehen direkt an Projekte, die zur F\u00f6rderung der Entwicklung der Region dienen. <\/p>\n<p>M\u00f6chten Sie mehr erfahren? Lesen Sie <a href=\"http:\/\/www.fundatia-michael-schmidt.org\/despre-noi\/povestea-fundatiei\/\">hier<\/a> die Geschichte der Stiftung. <\/p>\n","protected":false},"excerpt":{"rendered":"<p>Wenn Sie hier auf unserer Seite angekommen sind, bedeutet es, dass Sie sich einbringen m\u00f6chten, genauso wie wir. Bevor wir Ihnen zeigen, wie Sie dies tun k\u00f6nnen, m\u00f6chten wir Ihnen einige Informationen \u00fcber unsere Stiftung geben: Die Michael Schmidt Stiftung ist eine Non-Profit Organisation, die im Jahr 2010 von Michael Schmidt, dem Inhaber der Automobile <a class=\"more-link\" href=\"https:\/\/dev.fundatia-mvschmidt.org\/de\/uber-uns\/\">[&#8230;]<\/a><\/p>\n","protected":false},"author":1,"featured_media":0,"parent":0,"menu_order":0,"comment_status":"closed","ping_status":"closed","template":"","meta":{"spay_email":""},"yoast_head":"<!-- This site is optimized with the Yoast SEO plugin v18.2 - https:\/\/yoast.com\/wordpress\/plugins\/seo\/ -->\n<title>\u00dcber uns | Fundatia M&amp;V Schmidt<\/title>\n<meta name=\"robots\" content=\"noindex, follow, max-snippet:-1, max-image-preview:large, max-video-preview:-1\" \/>\n<meta property=\"og:locale\" content=\"de_DE\" \/>\n<meta property=\"og:type\" content=\"article\" \/>\n<meta property=\"og:title\" content=\"\u00dcber uns | Fundatia M&amp;V Schmidt\" \/>\n<meta property=\"og:description\" content=\"Wenn Sie hier auf unserer Seite angekommen sind, bedeutet es, dass Sie sich einbringen m\u00f6chten, genauso wie wir. Bevor wir Ihnen zeigen, wie Sie dies tun k\u00f6nnen, m\u00f6chten wir Ihnen einige Informationen \u00fcber unsere Stiftung geben: Die Michael Schmidt Stiftung ist eine Non-Profit Organisation, die im Jahr 2010 von Michael Schmidt, dem Inhaber der Automobile [...]\" \/>\n<meta property=\"og:url\" content=\"https:\/\/dev.fundatia-mvschmidt.org\/uber-uns\/?lang=de\" \/>\n<meta property=\"og:site_name\" content=\"Fundatia M&amp;V Schmidt\" \/>\n<meta name=\"twitter:card\" content=\"summary\" \/>\n<meta name=\"twitter:label1\" content=\"Gesch\u00e4tzte Lesezeit\" \/>\n\t<meta name=\"twitter:data1\" content=\"1\u00a0Minute\" \/>\n<script type=\"application\/ld+json\" class=\"yoast-schema-graph\">{\"@context\":\"https:\/\/schema.org\",\"@graph\":[{\"@type\":\"WebSite\",\"@id\":\"https:\/\/dev.fundatia-mvschmidt.org\/#website\",\"url\":\"https:\/\/dev.fundatia-mvschmidt.org\/\",\"name\":\"Fundatia M&amp;V Schmidt\",\"description\":\"\",\"potentialAction\":[{\"@type\":\"SearchAction\",\"target\":{\"@type\":\"EntryPoint\",\"urlTemplate\":\"https:\/\/dev.fundatia-mvschmidt.org\/?s={search_term_string}\"},\"query-input\":\"required name=search_term_string\"}],\"inLanguage\":\"de\"},{\"@type\":\"WebPage\",\"@id\":\"https:\/\/dev.fundatia-mvschmidt.org\/uber-uns\/?lang=de#webpage\",\"url\":\"https:\/\/dev.fundatia-mvschmidt.org\/uber-uns\/?lang=de\",\"name\":\"\u00dcber uns | Fundatia M&amp;V Schmidt\",\"isPartOf\":{\"@id\":\"https:\/\/dev.fundatia-mvschmidt.org\/#website\"},\"datePublished\":\"2016-05-09T11:04:14+00:00\",\"dateModified\":\"2016-05-09T11:04:14+00:00\",\"breadcrumb\":{\"@id\":\"https:\/\/dev.fundatia-mvschmidt.org\/uber-uns\/?lang=de#breadcrumb\"},\"inLanguage\":\"de\",\"potentialAction\":[{\"@type\":\"ReadAction\",\"target\":[\"https:\/\/dev.fundatia-mvschmidt.org\/uber-uns\/?lang=de\"]}]},{\"@type\":\"BreadcrumbList\",\"@id\":\"https:\/\/dev.fundatia-mvschmidt.org\/uber-uns\/?lang=de#breadcrumb\",\"itemListElement\":[{\"@type\":\"ListItem\",\"position\":1,\"name\":\"Home\",\"item\":\"https:\/\/dev.fundatia-mvschmidt.org\/de\/\"},{\"@type\":\"ListItem\",\"position\":2,\"name\":\"\u00dcber uns\"}]}]}<\/script>\n<!-- \/ Yoast SEO plugin. -->","yoast_head_json":{"title":"\u00dcber uns | Fundatia M&amp;V Schmidt","robots":{"index":"noindex","follow":"follow","max-snippet":"max-snippet:-1","max-image-preview":"max-image-preview:large","max-video-preview":"max-video-preview:-1"},"og_locale":"de_DE","og_type":"article","og_title":"\u00dcber uns | Fundatia M&amp;V Schmidt","og_description":"Wenn Sie hier auf unserer Seite angekommen sind, bedeutet es, dass Sie sich einbringen m\u00f6chten, genauso wie wir. Bevor wir Ihnen zeigen, wie Sie dies tun k\u00f6nnen, m\u00f6chten wir Ihnen einige Informationen \u00fcber unsere Stiftung geben: Die Michael Schmidt Stiftung ist eine Non-Profit Organisation, die im Jahr 2010 von Michael Schmidt, dem Inhaber der Automobile [...]","og_url":"https:\/\/dev.fundatia-mvschmidt.org\/uber-uns\/?lang=de","og_site_name":"Fundatia M&amp;V Schmidt","twitter_card":"summary","twitter_misc":{"Gesch\u00e4tzte Lesezeit":"1\u00a0Minute"},"schema":{"@context":"https:\/\/schema.org","@graph":[{"@type":"WebSite","@id":"https:\/\/dev.fundatia-mvschmidt.org\/#website","url":"https:\/\/dev.fundatia-mvschmidt.org\/","name":"Fundatia M&amp;V Schmidt","description":"","potentialAction":[{"@type":"SearchAction","target":{"@type":"EntryPoint","urlTemplate":"https:\/\/dev.fundatia-mvschmidt.org\/?s={search_term_string}"},"query-input":"required name=search_term_string"}],"inLanguage":"de"},{"@type":"WebPage","@id":"https:\/\/dev.fundatia-mvschmidt.org\/uber-uns\/?lang=de#webpage","url":"https:\/\/dev.fundatia-mvschmidt.org\/uber-uns\/?lang=de","name":"\u00dcber uns | Fundatia M&amp;V Schmidt","isPartOf":{"@id":"https:\/\/dev.fundatia-mvschmidt.org\/#website"},"datePublished":"2016-05-09T11:04:14+00:00","dateModified":"2016-05-09T11:04:14+00:00","breadcrumb":{"@id":"https:\/\/dev.fundatia-mvschmidt.org\/uber-uns\/?lang=de#breadcrumb"},"inLanguage":"de","potentialAction":[{"@type":"ReadAction","target":["https:\/\/dev.fundatia-mvschmidt.org\/uber-uns\/?lang=de"]}]},{"@type":"BreadcrumbList","@id":"https:\/\/dev.fundatia-mvschmidt.org\/uber-uns\/?lang=de#breadcrumb","itemListElement":[{"@type":"ListItem","position":1,"name":"Home","item":"https:\/\/dev.fundatia-mvschmidt.org\/de\/"},{"@type":"ListItem","position":2,"name":"\u00dcber uns"}]}]}},"jetpack_sharing_enabled":true,"jetpack_shortlink":"https:\/\/wp.me\/P7wrmh-Th","jetpack-related-posts":[{"id":3431,"url":"https:\/\/dev.fundatia-mvschmidt.org\/de\/beteiligen-sie-sich-an-unseren-projekten\/","url_meta":{"origin":3427,"position":0},"title":"Beteiligen Sie sich an unseren Projekten!","date":"Mai 9, 2016","format":false,"excerpt":"Seit \u00fcber sechs Jahren arbeiten wir nun schon mit ganzem Herzen daran, das Kulturgut der Siebenb\u00fcrger Sachsen wieder zu beleben und f\u00fcr zuk\u00fcnftige Generationen zu erhalten. Schlie\u00dfen Sie sich uns an, denn Ihr Beitrag unterst\u00fctzt uns bei unserem Vorhaben, die siebenb\u00fcrgisch-s\u00e4chsischen D\u00f6rfer wieder in ihren urspr\u00fcnglichen Zustand zu versetzen. Der\u2026","rel":"","context":"\u00c4hnlicher Beitrag","img":{"alt_text":"","src":"https:\/\/i0.wp.com\/dev.fundatia-mvschmidt.org\/wp-content\/uploads\/2021\/06\/Haferland-Crit-27-07-2020-5.jpg?resize=350%2C200&ssl=1","width":350,"height":200},"classes":[]},{"id":3466,"url":"https:\/\/dev.fundatia-mvschmidt.org\/de\/spenden\/","url_meta":{"origin":3427,"position":1},"title":"Spenden","date":"Januar 31, 2017","format":false,"excerpt":"Seit \u00fcber sechs Jahren arbeiten wir daran, das Kulturgut der Siebenb\u00fcrger-Sachsen in Rum\u00e4nien zu erhalten, sowie das wertvolle Kulturerbe dieser Gemeinschaft zu f\u00f6rdern. Wir sind stolz auf das was wir erreicht haben, aber es gibt noch viel zu tun. Ihre Spende hilft uns dabei, siebenb\u00fcrgisch-s\u00e4chsische H\u00e4user zu restaurieren, Kinder aus\u2026","rel":"","context":"\u00c4hnlicher Beitrag","img":{"alt_text":"","src":"","width":0,"height":0},"classes":[]},{"id":3445,"url":"https:\/\/dev.fundatia-mvschmidt.org\/de\/bildung\/","url_meta":{"origin":3427,"position":2},"title":"Bildung","date":"Mai 10, 2016","format":false,"excerpt":"Wir unterst\u00fctzen aktiv das Unterrichtswesen in deutscher Sprache in Rum\u00e4nien aber wir sind auch in Projekte involviert, die das Bildungswesen auf nationaler Ebene f\u00f6rdern, weil wir wissen, dass diejenigen, die die Traditionen einer Gemeinschaft weitertragen k\u00f6nnen unsere Kinder sind. Den Bereich Bildung werden wir auch in Zukunft mit verschiedenen Ma\u00dfnahmen\u2026","rel":"","context":"\u00c4hnlicher Beitrag","img":{"alt_text":"","src":"https:\/\/i0.wp.com\/dev.fundatia-mvschmidt.org\/wp-content\/uploads\/2016\/05\/sectiunea-valorile-noastre-educatie.jpg?resize=350%2C200&ssl=1","width":350,"height":200},"classes":[]},{"id":3460,"url":"https:\/\/dev.fundatia-mvschmidt.org\/de\/postkarten-auf-den-spuren-der-siebenburger-sachsen\/","url_meta":{"origin":3427,"position":3},"title":"Postkarten &#8222;Auf den Spuren der Siebenb\u00fcrger-Sachsen&#8220;","date":"Oktober 3, 2016","format":false,"excerpt":"Diese 45 Postkarten aus der Fotokollektion \u201eAuf den Spuren der Siebenb\u00fcrger-Sachsen\u201c sind Teil eines umfangreichen Projektes, mit dem Ziel eine der wichtigsten Kulturen einer Bev\u00f6lkerungsminderheit aus Rum\u00e4nien (wieder) zu entdecken & ihrer vor \u00fcber 800 Jahren beginnenden Erz\u00e4hlung zu folgen. F\u00fcr die erste Postkartenserie haben wir das Haferland und die\u2026","rel":"","context":"\u00c4hnlicher Beitrag","img":{"alt_text":"","src":"https:\/\/i0.wp.com\/www.fundatia-michael-schmidt.org\/wp-content\/uploads\/2016\/10\/Carti-postale-212x300.png?resize=350%2C200","width":350,"height":200},"classes":[]},{"id":3464,"url":"https:\/\/dev.fundatia-mvschmidt.org\/de\/das-buch-die-geschichte-der-siebenburger-sachsen-von-ihnen-selbst-erzahlt\/","url_meta":{"origin":3427,"position":4},"title":"Das Buch \u201cDie Geschichte der Siebenb\u00fcrger-Sachsen. Von ihnen selbst erz\u00e4hlt\u201d","date":"Dezember 9, 2016","format":false,"excerpt":"Das Buch \u201cDie Geschichte der Siebenb\u00fcrger-Sachsen. Von ihnen selbst erz\u00e4hlt\u201d von Ruxandra Hurezean, enth\u00e4lt die Lebensgeschichten von 12 Siebenb\u00fcrger-Sachsen, die nach dem Kommunismus in Rum\u00e4nien geblieben, beziehungsweise nach Rum\u00e4nien zur\u00fcckgekehrt sind. Die Geschichten sind \u201evon ihnen selbst erz\u00e4hlt\u201c, weil es sich um Reportagen handelt, die durch journalistische Mittel \u00fcber mehrere\u2026","rel":"","context":"\u00c4hnlicher Beitrag","img":{"alt_text":"","src":"","width":0,"height":0},"classes":[]},{"id":3429,"url":"https:\/\/dev.fundatia-mvschmidt.org\/de\/was-wir-bis-jetzt-erreicht-haben\/","url_meta":{"origin":3427,"position":5},"title":"Was wir bis jetzt erreicht haben","date":"Mai 9, 2016","format":false,"excerpt":"Von Anfang an hatten wir das Ziel, Projekte zu f\u00f6rdern, die das kulturelle Erbe der Siebenb\u00fcrger Sachsen f\u00fcr zuk\u00fcnftige Generationen bewahren. Dies waren beispielsweise Ma\u00dfnahmen zur Restaurierung und Instandhaltung von Kirchenburgen, die originalgetreue Rekonstruktion eines s\u00e4chsischen Pfarrhauses sowie die Restaurierung typisch siebenb\u00fcrgisch-s\u00e4chsischer H\u00e4user im Haferland. Au\u00dferdem wussten wir, dass es\u2026","rel":"","context":"\u00c4hnlicher Beitrag","img":{"alt_text":"","src":"https:\/\/i0.wp.com\/dev.fundatia-mvschmidt.org\/wp-content\/uploads\/2016\/05\/modificata.jpg?resize=350%2C200&ssl=1","width":350,"height":200},"classes":[]}],"_links":{"self":[{"href":"https:\/\/dev.fundatia-mvschmidt.org\/de\/wp-json\/wp\/v2\/pages\/3427"}],"collection":[{"href":"https:\/\/dev.fundatia-mvschmidt.org\/de\/wp-json\/wp\/v2\/pages"}],"about":[{"href":"https:\/\/dev.fundatia-mvschmidt.org\/de\/wp-json\/wp\/v2\/types\/page"}],"author":[{"embeddable":true,"href":"https:\/\/dev.fundatia-mvschmidt.org\/de\/wp-json\/wp\/v2\/users\/1"}],"replies":[{"embeddable":true,"href":"https:\/\/dev.fundatia-mvschmidt.org\/de\/wp-json\/wp\/v2\/comments?post=3427"}],"version-history":[{"count":0,"href":"https:\/\/dev.fundatia-mvschmidt.org\/de\/wp-json\/wp\/v2\/pages\/3427\/revisions"}],"wp:attachment":[{"href":"https:\/\/dev.fundatia-mvschmidt.org\/de\/wp-json\/wp\/v2\/media?parent=3427"}],"curies":[{"name":"wp","href":"https:\/\/api.w.org\/{rel}","templated":true}]}}