{"id":3425,"date":"2016-05-09T10:22:17","date_gmt":"2016-05-09T10:22:17","guid":{"rendered":"https:\/\/dev.fundatia-mvschmidt.org\/kontakt\/"},"modified":"2016-05-09T10:22:17","modified_gmt":"2016-05-09T10:22:17","slug":"kontakt","status":"publish","type":"page","link":"https:\/\/dev.fundatia-mvschmidt.org\/de\/kontakt\/","title":{"rendered":"Kontakt"},"content":{"rendered":"<table border=\"0\">\n<tbody>\n<tr>\n<td valign=\"top\"><strong>B\u00fcro Bucuresti <\/strong><br \/>\nFunda\u0163ia Michael Schmidt<br \/>\nBvd. Primaverii nr. 33, ap. 7<br \/>\nRO \u2013 013685 Bucuresti<\/td>\n<td valign=\"top\"><strong>B\u00fcro M\u00fcnchen<\/strong><br \/>\nMichael Schmidt Stiftung<br \/>\nNymphenburger Str. 20 A<br \/>\nDE &#8211; 80335 M\u00fcnchen<\/td>\n<\/tr>\n<\/tbody>\n<\/table>\n<p><strong>Kontakt<\/strong><br \/>\nTel: +40 374 829 824<br \/>\nFax: +40 (0) 212 332 920<br \/>\nEmail: office@fundatia-michael-schmidt.org<\/p>\n<h3>Kontaktformular<\/h3>\n<div role=\"form\" class=\"wpcf7\" id=\"wpcf7-f207-o1\" lang=\"ro-RO\" dir=\"ltr\">\n<div class=\"screen-reader-response\"><p role=\"status\" aria-live=\"polite\" aria-atomic=\"true\"><\/p> <ul><\/ul><\/div>\n<form action=\"\/de\/wp-json\/wp\/v2\/pages\/3425#wpcf7-f207-o1\" method=\"post\" class=\"wpcf7-form init\" novalidate=\"novalidate\" data-status=\"init\">\n<div style=\"display: none;\">\n<input type=\"hidden\" name=\"_wpcf7\" value=\"207\" \/>\n<input type=\"hidden\" name=\"_wpcf7_version\" value=\"5.5.6\" \/>\n<input type=\"hidden\" name=\"_wpcf7_locale\" value=\"ro_RO\" \/>\n<input type=\"hidden\" name=\"_wpcf7_unit_tag\" value=\"wpcf7-f207-o1\" \/>\n<input type=\"hidden\" name=\"_wpcf7_container_post\" value=\"0\" \/>\n<input type=\"hidden\" name=\"_wpcf7_posted_data_hash\" value=\"\" \/>\n<\/div>\n<p>Name: (required)<br \/>\n    <span class=\"wpcf7-form-control-wrap your-name\"><input type=\"text\" name=\"your-name\" value=\"\" size=\"40\" class=\"wpcf7-form-control wpcf7-text wpcf7-validates-as-required\" aria-required=\"true\" aria-invalid=\"false\" \/><\/span> <\/p>\n<p>Email: (required)<br \/>\n    <span class=\"wpcf7-form-control-wrap your-email\"><input type=\"email\" name=\"your-email\" value=\"\" size=\"40\" class=\"wpcf7-form-control wpcf7-text wpcf7-email wpcf7-validates-as-required wpcf7-validates-as-email\" aria-required=\"true\" aria-invalid=\"false\" \/><\/span> <\/p>\n<p>Betreff:<br \/>\n    <span class=\"wpcf7-form-control-wrap your-subject\"><input type=\"text\" name=\"your-subject\" value=\"\" size=\"40\" class=\"wpcf7-form-control wpcf7-text\" aria-invalid=\"false\" \/><\/span> <\/p>\n<p>Nachricht:<br \/>\n    <span class=\"wpcf7-form-control-wrap your-message\"><textarea name=\"your-message\" cols=\"40\" rows=\"10\" class=\"wpcf7-form-control wpcf7-textarea\" aria-invalid=\"false\"><\/textarea><\/span> <\/p>\n<p>[recaptcha]<\/p>\n<p><input type=\"submit\" value=\"Senden\" class=\"wpcf7-form-control has-spinner wpcf7-submit\" \/><\/p>\n<p style=\"display: none !important;\"><label>&#916;<textarea name=\"_wpcf7_ak_hp_textarea\" cols=\"45\" rows=\"8\" maxlength=\"100\"><\/textarea><\/label><input type=\"hidden\" id=\"ak_js_1\" name=\"_wpcf7_ak_js\" value=\"78\"\/><script>document.getElementById( \"ak_js_1\" ).setAttribute( \"value\", ( new Date() ).getTime() );<\/script><\/p><div class=\"wpcf7-response-output\" aria-hidden=\"true\"><\/div><\/form><\/div>\n","protected":false},"excerpt":{"rendered":"<p>B\u00fcro Bucuresti Funda\u0163ia Michael Schmidt Bvd. Primaverii nr. 33, ap. 7 RO \u2013 013685 Bucuresti B\u00fcro M\u00fcnchen Michael Schmidt Stiftung Nymphenburger Str. 20 A DE &#8211; 80335 M\u00fcnchen Kontakt Tel: +40 374 829 824 Fax: +40 (0) 212 332 920 Email: office@fundatia-michael-schmidt.org Kontaktformular<\/p>\n","protected":false},"author":1,"featured_media":0,"parent":0,"menu_order":0,"comment_status":"closed","ping_status":"closed","template":"","meta":{"spay_email":""},"yoast_head":"<!-- This site is optimized with the Yoast SEO plugin v18.2 - https:\/\/yoast.com\/wordpress\/plugins\/seo\/ -->\n<title>Kontakt | Fundatia M&amp;V Schmidt<\/title>\n<meta name=\"robots\" content=\"noindex, follow, max-snippet:-1, max-image-preview:large, max-video-preview:-1\" \/>\n<meta property=\"og:locale\" content=\"de_DE\" \/>\n<meta property=\"og:type\" content=\"article\" \/>\n<meta property=\"og:title\" content=\"Kontakt | Fundatia M&amp;V Schmidt\" \/>\n<meta property=\"og:description\" content=\"B\u00fcro Bucuresti Funda\u0163ia Michael Schmidt Bvd. Primaverii nr. 33, ap. 7 RO \u2013 013685 Bucuresti B\u00fcro M\u00fcnchen Michael Schmidt Stiftung Nymphenburger Str. 20 A DE &#8211; 80335 M\u00fcnchen Kontakt Tel: +40 374 829 824 Fax: +40 (0) 212 332 920 Email: office@fundatia-michael-schmidt.org Kontaktformular\" \/>\n<meta property=\"og:url\" content=\"https:\/\/dev.fundatia-mvschmidt.org\/kontakt\/?lang=de\" \/>\n<meta property=\"og:site_name\" content=\"Fundatia M&amp;V Schmidt\" \/>\n<meta name=\"twitter:card\" content=\"summary\" \/>\n<script type=\"application\/ld+json\" class=\"yoast-schema-graph\">{\"@context\":\"https:\/\/schema.org\",\"@graph\":[{\"@type\":\"WebSite\",\"@id\":\"https:\/\/dev.fundatia-mvschmidt.org\/#website\",\"url\":\"https:\/\/dev.fundatia-mvschmidt.org\/\",\"name\":\"Fundatia M&amp;V Schmidt\",\"description\":\"\",\"potentialAction\":[{\"@type\":\"SearchAction\",\"target\":{\"@type\":\"EntryPoint\",\"urlTemplate\":\"https:\/\/dev.fundatia-mvschmidt.org\/?s={search_term_string}\"},\"query-input\":\"required name=search_term_string\"}],\"inLanguage\":\"de\"},{\"@type\":\"WebPage\",\"@id\":\"https:\/\/dev.fundatia-mvschmidt.org\/kontakt\/?lang=de#webpage\",\"url\":\"https:\/\/dev.fundatia-mvschmidt.org\/kontakt\/?lang=de\",\"name\":\"Kontakt | Fundatia M&amp;V Schmidt\",\"isPartOf\":{\"@id\":\"https:\/\/dev.fundatia-mvschmidt.org\/#website\"},\"datePublished\":\"2016-05-09T10:22:17+00:00\",\"dateModified\":\"2016-05-09T10:22:17+00:00\",\"breadcrumb\":{\"@id\":\"https:\/\/dev.fundatia-mvschmidt.org\/kontakt\/?lang=de#breadcrumb\"},\"inLanguage\":\"de\",\"potentialAction\":[{\"@type\":\"ReadAction\",\"target\":[\"https:\/\/dev.fundatia-mvschmidt.org\/kontakt\/?lang=de\"]}]},{\"@type\":\"BreadcrumbList\",\"@id\":\"https:\/\/dev.fundatia-mvschmidt.org\/kontakt\/?lang=de#breadcrumb\",\"itemListElement\":[{\"@type\":\"ListItem\",\"position\":1,\"name\":\"Home\",\"item\":\"https:\/\/dev.fundatia-mvschmidt.org\/de\/\"},{\"@type\":\"ListItem\",\"position\":2,\"name\":\"Kontakt\"}]}]}<\/script>\n<!-- \/ Yoast SEO plugin. -->","yoast_head_json":{"title":"Kontakt | Fundatia M&amp;V Schmidt","robots":{"index":"noindex","follow":"follow","max-snippet":"max-snippet:-1","max-image-preview":"max-image-preview:large","max-video-preview":"max-video-preview:-1"},"og_locale":"de_DE","og_type":"article","og_title":"Kontakt | Fundatia M&amp;V Schmidt","og_description":"B\u00fcro Bucuresti Funda\u0163ia Michael Schmidt Bvd. Primaverii nr. 33, ap. 7 RO \u2013 013685 Bucuresti B\u00fcro M\u00fcnchen Michael Schmidt Stiftung Nymphenburger Str. 20 A DE &#8211; 80335 M\u00fcnchen Kontakt Tel: +40 374 829 824 Fax: +40 (0) 212 332 920 Email: office@fundatia-michael-schmidt.org Kontaktformular","og_url":"https:\/\/dev.fundatia-mvschmidt.org\/kontakt\/?lang=de","og_site_name":"Fundatia M&amp;V Schmidt","twitter_card":"summary","schema":{"@context":"https:\/\/schema.org","@graph":[{"@type":"WebSite","@id":"https:\/\/dev.fundatia-mvschmidt.org\/#website","url":"https:\/\/dev.fundatia-mvschmidt.org\/","name":"Fundatia M&amp;V Schmidt","description":"","potentialAction":[{"@type":"SearchAction","target":{"@type":"EntryPoint","urlTemplate":"https:\/\/dev.fundatia-mvschmidt.org\/?s={search_term_string}"},"query-input":"required name=search_term_string"}],"inLanguage":"de"},{"@type":"WebPage","@id":"https:\/\/dev.fundatia-mvschmidt.org\/kontakt\/?lang=de#webpage","url":"https:\/\/dev.fundatia-mvschmidt.org\/kontakt\/?lang=de","name":"Kontakt | Fundatia M&amp;V Schmidt","isPartOf":{"@id":"https:\/\/dev.fundatia-mvschmidt.org\/#website"},"datePublished":"2016-05-09T10:22:17+00:00","dateModified":"2016-05-09T10:22:17+00:00","breadcrumb":{"@id":"https:\/\/dev.fundatia-mvschmidt.org\/kontakt\/?lang=de#breadcrumb"},"inLanguage":"de","potentialAction":[{"@type":"ReadAction","target":["https:\/\/dev.fundatia-mvschmidt.org\/kontakt\/?lang=de"]}]},{"@type":"BreadcrumbList","@id":"https:\/\/dev.fundatia-mvschmidt.org\/kontakt\/?lang=de#breadcrumb","itemListElement":[{"@type":"ListItem","position":1,"name":"Home","item":"https:\/\/dev.fundatia-mvschmidt.org\/de\/"},{"@type":"ListItem","position":2,"name":"Kontakt"}]}]}},"jetpack_sharing_enabled":true,"jetpack_shortlink":"https:\/\/wp.me\/P7wrmh-Tf","jetpack-related-posts":[{"id":2,"url":"https:\/\/dev.fundatia-mvschmidt.org\/contact\/","url_meta":{"origin":3425,"position":0},"title":"Contact","date":"Mai 9, 2016","format":false,"excerpt":"Birou Bucure\u015fti Funda\u0163ia Michael Schmidt Bvd. Prim\u0103verii nr. 33, ap. 7 RO \u2013 013685 Bucure\u015fti Birou M\u00fcnchen Michael Schmidt Stiftung Nymphenburger Str. 20 A DE - 80335 M\u00fcnchen Contact Tel:+40 755 545 029\u00a0 \u00a0 Fax: +40 (0) 212 332 920 Email: office@fundatia-michael-schmidt.org Formular de contact","rel":"","context":"\u00c4hnlicher Beitrag","img":{"alt_text":"","src":"","width":0,"height":0},"classes":[]},{"id":3001,"url":"https:\/\/dev.fundatia-mvschmidt.org\/antologia-de-poezii-tandrete-rutina-poemele-unui-parcimonios-1979-2019\/","url_meta":{"origin":3425,"position":1},"title":"Antologia de poezii \u201cTandre\u021be, rutin\u0103. Poemele unui parcimonios. 1979 \u2013 2019\u201d","date":"Januar 20, 2021","format":false,"excerpt":"Este un volum bilingv (\u00een limbile rom\u00e2n\u0103 \u0219i german\u0103) care a aparut in Germania, la Editura Traian Pop. Volumul cuprinde poezii publicate de Emil Hurezeanu \u00eencepand cu 1979 la edituri precum Dacia, de la Cluj, sau Albatros, din Bucuresti, dar \u0219i \u00een diverse periodice (publica\u021bii). N\u0103scut la Hermannstadt (Sibiu) \u00een\u2026","rel":"","context":"\u00c4hnlicher Beitrag","img":{"alt_text":"","src":"https:\/\/i0.wp.com\/fundatia-michael-schmidt.org\/new\/wp-content\/uploads\/2021\/01\/coperta-Emil-Hurezeanu.jpg?resize=350%2C200&ssl=1","width":350,"height":200},"classes":[]},{"id":3451,"url":"https:\/\/dev.fundatia-mvschmidt.org\/de\/afla-cum-te-poti-implica\/","url_meta":{"origin":3425,"position":2},"title":"Afla cum te poti implica!","date":"Juni 21, 2016","format":false,"excerpt":"","rel":"","context":"\u00c4hnlicher Beitrag","img":{"alt_text":"","src":"","width":0,"height":0},"classes":[]},{"id":3454,"url":"https:\/\/dev.fundatia-mvschmidt.org\/de\/comanda-acum\/","url_meta":{"origin":3425,"position":3},"title":"Comanda acum","date":"September 30, 2016","format":false,"excerpt":"\u00a0 Completeaza formularul de mai jos si comanda acum produsele favorite:","rel":"","context":"\u00c4hnlicher Beitrag","img":{"alt_text":"","src":"","width":0,"height":0},"classes":[]},{"id":461,"url":"https:\/\/dev.fundatia-mvschmidt.org\/dvd-transilvania\/","url_meta":{"origin":3425,"position":4},"title":"DVD \u201cOrgile din Transilvania, o c\u0103l\u0103torie \u00een timp\u201d","date":"Oktober 3, 2016","format":false,"excerpt":"O c\u0103l\u0103torie inedit\u0103 prin istoria cet\u0103\u0163ilor, bisericilor fortificate \u015fi a orgilor din Transilvania. Imaginile filmate \u015fi muzica acestui documentar transmit magia vremurilor de odinioar\u0103. Muzeul de orgi din Codlea, precum orga cea mai veche, cea mai mare \u0219i cea mai impozant\u0103 din Transilvania sunt numai c\u00e2teva obiective interesante de v\u0103zut.\u2026","rel":"","context":"\u00c4hnlicher Beitrag","img":{"alt_text":"","src":"https:\/\/i0.wp.com\/www.fundatia-michael-schmidt.org\/wp-content\/uploads\/2016\/10\/Coperta-DVD-229x300.png?resize=350%2C200","width":350,"height":200},"classes":[]}],"_links":{"self":[{"href":"https:\/\/dev.fundatia-mvschmidt.org\/de\/wp-json\/wp\/v2\/pages\/3425"}],"collection":[{"href":"https:\/\/dev.fundatia-mvschmidt.org\/de\/wp-json\/wp\/v2\/pages"}],"about":[{"href":"https:\/\/dev.fundatia-mvschmidt.org\/de\/wp-json\/wp\/v2\/types\/page"}],"author":[{"embeddable":true,"href":"https:\/\/dev.fundatia-mvschmidt.org\/de\/wp-json\/wp\/v2\/users\/1"}],"replies":[{"embeddable":true,"href":"https:\/\/dev.fundatia-mvschmidt.org\/de\/wp-json\/wp\/v2\/comments?post=3425"}],"version-history":[{"count":0,"href":"https:\/\/dev.fundatia-mvschmidt.org\/de\/wp-json\/wp\/v2\/pages\/3425\/revisions"}],"wp:attachment":[{"href":"https:\/\/dev.fundatia-mvschmidt.org\/de\/wp-json\/wp\/v2\/media?parent=3425"}],"curies":[{"name":"wp","href":"https:\/\/api.w.org\/{rel}","templated":true}]}}